{"id":7642,"date":"2025-09-29T10:36:36","date_gmt":"2025-09-29T10:36:36","guid":{"rendered":"https:\/\/raege-az.pt\/?page_id=7642"},"modified":"2025-09-29T14:18:18","modified_gmt":"2025-09-29T14:18:18","slug":"researcher-position-solar-az-project","status":"publish","type":"page","link":"https:\/\/raege-az.pt\/en\/researcher-position-solar-az-project\/","title":{"rendered":"Researcher Position \u2013 SOLAR-Az Project"},"content":{"rendered":"<div data-elementor-type=\"wp-page\" data-elementor-id=\"7642\" class=\"elementor elementor-7642\">\n\t\t\t\t\t\t<section class=\"elementor-section elementor-top-section elementor-element elementor-element-22c5de3 elementor-section-boxed elementor-section-height-default elementor-section-height-default\" data-id=\"22c5de3\" data-element_type=\"section\" data-settings=\"{&quot;background_background&quot;:&quot;classic&quot;}\">\n\t\t\t\t\t\t\t<div class=\"elementor-background-overlay\"><\/div>\n\t\t\t\t\t\t\t<div class=\"elementor-container elementor-column-gap-no\">\n\t\t\t\t\t<div class=\"elementor-column elementor-col-100 elementor-top-column elementor-element elementor-element-ce45840\" data-id=\"ce45840\" data-element_type=\"column\">\n\t\t\t<div class=\"elementor-widget-wrap\">\n\t\t\t\t\t\t\t<\/div>\n\t\t<\/div>\n\t\t\t\t\t<\/div>\n\t\t<\/section>\n\t\t\t\t<section class=\"elementor-section elementor-top-section elementor-element elementor-element-cdc7f47 elementor-section-boxed elementor-section-height-default elementor-section-height-default\" data-id=\"cdc7f47\" data-element_type=\"section\" data-settings=\"{&quot;background_background&quot;:&quot;classic&quot;}\">\n\t\t\t\t\t\t<div class=\"elementor-container elementor-column-gap-no\">\n\t\t\t\t\t<div class=\"elementor-column elementor-col-100 elementor-top-column elementor-element elementor-element-aba46b9\" data-id=\"aba46b9\" data-element_type=\"column\">\n\t\t\t<div class=\"elementor-widget-wrap elementor-element-populated\">\n\t\t\t\t\t\t<div class=\"elementor-element elementor-element-8ecad5d elementor-widget elementor-widget-heading\" data-id=\"8ecad5d\" data-element_type=\"widget\" data-widget_type=\"heading.default\">\n\t\t\t\t<div class=\"elementor-widget-container\">\n\t\t\t\t\t<h2 class=\"elementor-heading-title elementor-size-default\">Researcher Position \u2013 SOLAR-Az Project<\/h2>\t\t\t\t<\/div>\n\t\t\t\t<\/div>\n\t\t\t\t<section class=\"elementor-section elementor-inner-section elementor-element elementor-element-13b95eb elementor-section-boxed elementor-section-height-default elementor-section-height-default\" data-id=\"13b95eb\" data-element_type=\"section\" data-settings=\"{&quot;background_background&quot;:&quot;classic&quot;}\">\n\t\t\t\t\t\t\t<div class=\"elementor-background-overlay\"><\/div>\n\t\t\t\t\t\t\t<div class=\"elementor-container elementor-column-gap-no\">\n\t\t\t\t\t<div class=\"elementor-column elementor-col-100 elementor-inner-column elementor-element elementor-element-caa2f79\" data-id=\"caa2f79\" data-element_type=\"column\" data-settings=\"{&quot;background_background&quot;:&quot;slideshow&quot;,&quot;background_slideshow_gallery&quot;:[],&quot;background_slideshow_loop&quot;:&quot;yes&quot;,&quot;background_slideshow_slide_duration&quot;:5000,&quot;background_slideshow_slide_transition&quot;:&quot;fade&quot;,&quot;background_slideshow_transition_duration&quot;:500}\">\n\t\t\t<div class=\"elementor-widget-wrap elementor-element-populated\">\n\t\t\t\t\t\t<div class=\"elementor-element elementor-element-e7754f0 elementor-widget elementor-widget-text-editor\" data-id=\"e7754f0\" data-element_type=\"widget\" data-widget_type=\"text-editor.default\">\n\t\t\t\t<div class=\"elementor-widget-container\">\n\t\t\t\t\t\t\t\t\t<p><strong><span style=\"font-size: 18pt;\">Project Overview<\/span><\/strong><\/p><p>The SOLAR-Az project aims to establish a cutting-edge solar activity monitoring infrastructure in the Azores Archipelago, integrating it into the global e-CALLISTO network. The project will deploy new-generation spectrometers and antennas to fill the observational gap over the North Atlantic, enhancing global space weather forecasting. It is supported by the RIS3 Azores strategy and funded under the FRCT Scientific Employment Stimulus Program (contract ACORES2030-FEDER-01909900).<\/p>\t\t\t\t\t\t\t\t<\/div>\n\t\t\t\t<\/div>\n\t\t\t\t<div class=\"elementor-element elementor-element-f8173d9 elementor-widget elementor-widget-text-editor\" data-id=\"f8173d9\" data-element_type=\"widget\" data-widget_type=\"text-editor.default\">\n\t\t\t\t<div class=\"elementor-widget-container\">\n\t\t\t\t\t\t\t\t\t<p><strong><span style=\"font-size: 18pt;\">Host Institution<\/span><\/strong><br \/>Associa\u00e7\u00e3o RAEGE A\u00e7ores \u2013 Rede Atl\u00e2ntica de Esta\u00e7\u00f5es Geodin\u00e2micas e Espaciais (RAEGE-Az)<br \/>S\u00e3o Pedro, Santa Maria Island, Azores, Portugal<\/p>\t\t\t\t\t\t\t\t<\/div>\n\t\t\t\t<\/div>\n\t\t\t\t<div class=\"elementor-element elementor-element-d4213ef elementor-widget elementor-widget-text-editor\" data-id=\"d4213ef\" data-element_type=\"widget\" data-widget_type=\"text-editor.default\">\n\t\t\t\t<div class=\"elementor-widget-container\">\n\t\t\t\t\t\t\t\t\t<p><strong><span style=\"font-size: 18pt;\">Position Summary<br \/><\/span><\/strong>We are seeking a highly motivated Researcher in Solar Radio Physics and Space Weather. The successful candidate will contribute to the development, testing, and operation of solar monitoring stations, real-time data pipelines, and AI-based analysis tools. The position involves collaboration with national and international partners and includes responsibilities in scientific research, outreach, and training. Some minor travel will be needed between islands and internationally.<\/p>\t\t\t\t\t\t\t\t<\/div>\n\t\t\t\t<\/div>\n\t\t\t\t<div class=\"elementor-element elementor-element-3c01507 elementor-widget elementor-widget-text-editor\" data-id=\"3c01507\" data-element_type=\"widget\" data-widget_type=\"text-editor.default\">\n\t\t\t\t<div class=\"elementor-widget-container\">\n\t\t\t\t\t\t\t\t\t<p><strong><span style=\"font-size: 18pt;\">Main Responsibilities<\/span><\/strong><\/p><ul><li><p lang=\"en-GB\" align=\"LEFT\">Contribute to the installation, calibration, and validation of radio monitoring equipment.<\/p><\/li><li><p align=\"LEFT\"><span lang=\"en-GB\">Develop and test real-time data pipelines and deep learning algorithms for Solar Radio Burst (SRB) detection and classificattion.<\/span><\/p><\/li><li><p lang=\"en-GB\" align=\"LEFT\">Lead scientific analysis of SRB data and contribute to peer-reviewed publications.<\/p><\/li><li><p lang=\"en-GB\" align=\"LEFT\">Collaborate with project and external partner institutions (e.g., TRISOLARIS, AIR Centre, FHNW, UAH).<\/p><\/li><li><p lang=\"en-GB\" align=\"LEFT\">Support outreach and training activities, including mentoring students and hosting workshops.<\/p><\/li><li><p lang=\"en-GB\" align=\"LEFT\">Assist with technical deliverables and project reporting.<\/p><\/li><\/ul>\t\t\t\t\t\t\t\t<\/div>\n\t\t\t\t<\/div>\n\t\t\t\t<div class=\"elementor-element elementor-element-142e081 elementor-widget elementor-widget-text-editor\" data-id=\"142e081\" data-element_type=\"widget\" data-widget_type=\"text-editor.default\">\n\t\t\t\t<div class=\"elementor-widget-container\">\n\t\t\t\t\t\t\t\t\t<p><strong><span style=\"font-size: 18pt;\">Required Qualifications<\/span><\/strong><\/p><ul><li><p lang=\"en-GB\" align=\"LEFT\">PhD in Astrophysics, Radio Astronomy, Space Physics, or a related field.<\/p><\/li><li><p lang=\"en-GB\" align=\"LEFT\">Experience with solar radio observations, space weather, or signal processing.<\/p><\/li><li><p lang=\"en-GB\" align=\"LEFT\">Strong programming skills in Python, (SSW-)IDL or similar languages.<\/p><\/li><li><p lang=\"en-GB\" align=\"LEFT\">English Proficiency (C1), Portuguese will be valued.<\/p><\/li><li><p lang=\"en-GB\" align=\"LEFT\">Ability to work both independently and collaboratively in interdisciplinary teams.<\/p><\/li><\/ul>\t\t\t\t\t\t\t\t<\/div>\n\t\t\t\t<\/div>\n\t\t\t\t<div class=\"elementor-element elementor-element-df89193 elementor-widget elementor-widget-text-editor\" data-id=\"df89193\" data-element_type=\"widget\" data-widget_type=\"text-editor.default\">\n\t\t\t\t<div class=\"elementor-widget-container\">\n\t\t\t\t\t\t\t\t\t<p><strong><span style=\"font-size: 18pt;\">Desirable Skills<\/span><\/strong><\/p><ul><li><p lang=\"en-GB\" align=\"LEFT\">Experience with e-CALLISTO instruments or Software-Defined Radios (SDRs).<\/p><\/li><li><p lang=\"en-GB\" align=\"LEFT\">Familiarity with machine learning for astrophysical data analysis.<\/p><\/li><li><p lang=\"en-GB\" align=\"LEFT\">Knowledge of solar radio data pipelines and event classification.<\/p><\/li><li><p lang=\"en-GB\" align=\"LEFT\">Interest in science communication and regional capacity building.<\/p><\/li><\/ul>\t\t\t\t\t\t\t\t<\/div>\n\t\t\t\t<\/div>\n\t\t\t\t<div class=\"elementor-element elementor-element-5a4b43b elementor-widget elementor-widget-text-editor\" data-id=\"5a4b43b\" data-element_type=\"widget\" data-widget_type=\"text-editor.default\">\n\t\t\t\t<div class=\"elementor-widget-container\">\n\t\t\t\t\t\t\t\t\t<p><strong><span style=\"font-size: 18pt;\">Contract Details<\/span><\/strong><\/p><ul><li><p align=\"LEFT\"><span lang=\"en-GB\">Duration: 36 Months<\/span><\/p><\/li><li><p align=\"LEFT\"><span lang=\"en-GB\">Expected start: As soon as possible in the current year of 2025 <\/span><\/p><\/li><li><p align=\"LEFT\"><span lang=\"en-GB\">Remuneration: According to level 33 of \u201cTabela remunerat\u00f3ria \u00fanica da administra\u00e7\u00e3o p\u00fablica\u201d.<\/span><\/p><\/li><li><p align=\"LEFT\"><span lang=\"en-GB\">Workplace: RAEGE-Az, Santa Maria Island, Portugal<\/span><\/p><\/li><\/ul>\t\t\t\t\t\t\t\t<\/div>\n\t\t\t\t<\/div>\n\t\t\t\t<div class=\"elementor-element elementor-element-eff50b6 elementor-widget elementor-widget-text-editor\" data-id=\"eff50b6\" data-element_type=\"widget\" data-widget_type=\"text-editor.default\">\n\t\t\t\t<div class=\"elementor-widget-container\">\n\t\t\t\t\t\t\t\t\t<p><strong><span style=\"font-size: 18pt;\">Application Process<\/span><\/strong><\/p><p lang=\"en-GB\" align=\"LEFT\">Candidates must submit the following documents:<\/p><ul><li><p lang=\"en-GB\" align=\"LEFT\">Curriculum Vitae (CV) with complete publication list<\/p><\/li><li><p lang=\"en-GB\" align=\"LEFT\">Motivation Letter<\/p><\/li><li><p lang=\"en-GB\" align=\"LEFT\">Two reference letters<\/p><\/li><li><p lang=\"en-GB\" align=\"LEFT\">Copy of PhD certificate<\/p><\/li><\/ul>\t\t\t\t\t\t\t\t<\/div>\n\t\t\t\t<\/div>\n\t\t\t\t<div class=\"elementor-element elementor-element-c5ac9f0 elementor-widget elementor-widget-text-editor\" data-id=\"c5ac9f0\" data-element_type=\"widget\" data-widget_type=\"text-editor.default\">\n\t\t\t\t<div class=\"elementor-widget-container\">\n\t\t\t\t\t\t\t\t\t<p><strong><span style=\"font-size: 18pt;\">Application<\/span><\/strong><\/p><p align=\"LEFT\"><span lang=\"en-GB\">Applications should be submitted via email to <\/span><span style=\"color: #000080;\"><u><a href=\"mailto:rh@a-raege-az.pt\"><span lang=\"en-GB\">rh@a-raege-az.pt<\/span><\/a><\/u><\/span><span lang=\"en-GB\">, with the subject line: \u201cSOLAR-Az Pos-Doc\u201d and include all required documentation.<\/span><\/p><p lang=\"en-GB\" align=\"LEFT\">This is an open position until being fulfilled.<\/p>\t\t\t\t\t\t\t\t<\/div>\n\t\t\t\t<\/div>\n\t\t\t\t\t<\/div>\n\t\t<\/div>\n\t\t\t\t\t<\/div>\n\t\t<\/section>\n\t\t\t\t\t<\/div>\n\t\t<\/div>\n\t\t\t\t\t<\/div>\n\t\t<\/section>\n\t\t\t\t<\/div>","protected":false},"excerpt":{"rendered":"<p>Researcher Position \u2013 SOLAR-Az Project Project Overview The SOLAR-Az project aims to establish a cutting-edge solar activity monitoring infrastructure in the Azores Archipelago, integrating it into the global e-CALLISTO network. The project will deploy new-generation spectrometers and antennas to fill the observational gap over the North Atlantic, enhancing global space weather forecasting. It is supported [&hellip;]<\/p>","protected":false},"author":1,"featured_media":0,"parent":0,"menu_order":0,"comment_status":"closed","ping_status":"closed","template":"","meta":{"site-sidebar-layout":"no-sidebar","site-content-layout":"page-builder","ast-site-content-layout":"full-width-container","site-content-style":"unboxed","site-sidebar-style":"unboxed","ast-global-header-display":"","ast-banner-title-visibility":"","ast-main-header-display":"","ast-hfb-above-header-display":"","ast-hfb-below-header-display":"","ast-hfb-mobile-header-display":"","site-post-title":"disabled","ast-breadcrumbs-content":"","ast-featured-img":"disabled","footer-sml-layout":"","theme-transparent-header-meta":"default","adv-header-id-meta":"","stick-header-meta":"","header-above-stick-meta":"","header-main-stick-meta":"","header-below-stick-meta":"","astra-migrate-meta-layouts":"set","ast-page-background-enabled":"default","ast-page-background-meta":{"desktop":{"background-color":"","background-image":"","background-repeat":"repeat","background-position":"center center","background-size":"auto","background-attachment":"scroll","background-type":"","background-media":"","overlay-type":"","overlay-color":"","overlay-opacity":"","overlay-gradient":""},"tablet":{"background-color":"","background-image":"","background-repeat":"repeat","background-position":"center center","background-size":"auto","background-attachment":"scroll","background-type":"","background-media":"","overlay-type":"","overlay-color":"","overlay-opacity":"","overlay-gradient":""},"mobile":{"background-color":"","background-image":"","background-repeat":"repeat","background-position":"center center","background-size":"auto","background-attachment":"scroll","background-type":"","background-media":"","overlay-type":"","overlay-color":"","overlay-opacity":"","overlay-gradient":""}},"ast-content-background-meta":{"desktop":{"background-color":"var(--ast-global-color-5)","background-image":"","background-repeat":"repeat","background-position":"center center","background-size":"auto","background-attachment":"scroll","background-type":"","background-media":"","overlay-type":"","overlay-color":"","overlay-opacity":"","overlay-gradient":""},"tablet":{"background-color":"var(--ast-global-color-5)","background-image":"","background-repeat":"repeat","background-position":"center center","background-size":"auto","background-attachment":"scroll","background-type":"","background-media":"","overlay-type":"","overlay-color":"","overlay-opacity":"","overlay-gradient":""},"mobile":{"background-color":"var(--ast-global-color-5)","background-image":"","background-repeat":"repeat","background-position":"center center","background-size":"auto","background-attachment":"scroll","background-type":"","background-media":"","overlay-type":"","overlay-color":"","overlay-opacity":"","overlay-gradient":""}},"footnotes":""},"class_list":["post-7642","page","type-page","status-publish","hentry"],"yoast_head":"<!-- This site is optimized with the Yoast SEO plugin v25.5 - https:\/\/yoast.com\/wordpress\/plugins\/seo\/ -->\n<title>Researcher Position \u2013 SOLAR-Az Project - RAEGE-Az<\/title>\n<meta name=\"robots\" content=\"index, follow, max-snippet:-1, max-image-preview:large, max-video-preview:-1\" \/>\n<link rel=\"canonical\" href=\"https:\/\/raege-az.pt\/en\/researcher-position-solar-az-project\/\" \/>\n<meta property=\"og:locale\" content=\"en_GB\" \/>\n<meta property=\"og:type\" content=\"article\" \/>\n<meta property=\"og:title\" content=\"Researcher Position \u2013 SOLAR-Az Project - RAEGE-Az\" \/>\n<meta property=\"og:description\" content=\"Researcher Position \u2013 SOLAR-Az Project Project Overview The SOLAR-Az project aims to establish a cutting-edge solar activity monitoring infrastructure in the Azores Archipelago, integrating it into the global e-CALLISTO network. The project will deploy new-generation spectrometers and antennas to fill the observational gap over the North Atlantic, enhancing global space weather forecasting. It is supported [&hellip;]\" \/>\n<meta property=\"og:url\" content=\"https:\/\/raege-az.pt\/en\/researcher-position-solar-az-project\/\" \/>\n<meta property=\"og:site_name\" content=\"RAEGE-Az\" \/>\n<meta property=\"article:publisher\" content=\"https:\/\/www.facebook.com\/raege.az\" \/>\n<meta property=\"article:modified_time\" content=\"2025-09-29T14:18:18+00:00\" \/>\n<meta property=\"og:image\" content=\"https:\/\/raege-az.pt\/wp-content\/uploads\/2021\/04\/2.png\" \/>\n\t<meta property=\"og:image:width\" content=\"1500\" \/>\n\t<meta property=\"og:image:height\" content=\"1500\" \/>\n\t<meta property=\"og:image:type\" content=\"image\/png\" \/>\n<meta name=\"twitter:card\" content=\"summary_large_image\" \/>\n<meta name=\"twitter:label1\" content=\"Est. reading time\" \/>\n\t<meta name=\"twitter:data1\" content=\"3 minutes\" \/>\n<script type=\"application\/ld+json\" class=\"yoast-schema-graph\">{\"@context\":\"https:\/\/schema.org\",\"@graph\":[{\"@type\":\"WebPage\",\"@id\":\"https:\/\/raege-az.pt\/researcher-position-solar-az-project\/\",\"url\":\"https:\/\/raege-az.pt\/researcher-position-solar-az-project\/\",\"name\":\"Researcher Position \u2013 SOLAR-Az Project - RAEGE-Az\",\"isPartOf\":{\"@id\":\"https:\/\/raege-az.pt\/en\/#website\"},\"datePublished\":\"2025-09-29T10:36:36+00:00\",\"dateModified\":\"2025-09-29T14:18:18+00:00\",\"breadcrumb\":{\"@id\":\"https:\/\/raege-az.pt\/researcher-position-solar-az-project\/#breadcrumb\"},\"inLanguage\":\"en-GB\",\"potentialAction\":[{\"@type\":\"ReadAction\",\"target\":[\"https:\/\/raege-az.pt\/researcher-position-solar-az-project\/\"]}]},{\"@type\":\"BreadcrumbList\",\"@id\":\"https:\/\/raege-az.pt\/researcher-position-solar-az-project\/#breadcrumb\",\"itemListElement\":[{\"@type\":\"ListItem\",\"position\":1,\"name\":\"In\u00edcio\",\"item\":\"https:\/\/raege-az.pt\/\"},{\"@type\":\"ListItem\",\"position\":2,\"name\":\"Researcher Position \u2013 SOLAR-Az Project\"}]},{\"@type\":\"WebSite\",\"@id\":\"https:\/\/raege-az.pt\/en\/#website\",\"url\":\"https:\/\/raege-az.pt\/en\/\",\"name\":\"RAEGE-Az\",\"description\":\"Associa\u00e7\u00e3o RAEGE A\u00e7ores\",\"publisher\":{\"@id\":\"https:\/\/raege-az.pt\/en\/#organization\"},\"alternateName\":\"RAEGE-Az\",\"potentialAction\":[{\"@type\":\"SearchAction\",\"target\":{\"@type\":\"EntryPoint\",\"urlTemplate\":\"https:\/\/raege-az.pt\/en\/?s={search_term_string}\"},\"query-input\":{\"@type\":\"PropertyValueSpecification\",\"valueRequired\":true,\"valueName\":\"search_term_string\"}}],\"inLanguage\":\"en-GB\"},{\"@type\":\"Organization\",\"@id\":\"https:\/\/raege-az.pt\/en\/#organization\",\"name\":\"RAEGE-Az\",\"url\":\"https:\/\/raege-az.pt\/en\/\",\"logo\":{\"@type\":\"ImageObject\",\"inLanguage\":\"en-GB\",\"@id\":\"https:\/\/raege-az.pt\/en\/#\/schema\/logo\/image\/\",\"url\":\"https:\/\/raege-az.pt\/wp-content\/uploads\/2021\/04\/1-e1618244466611.png\",\"contentUrl\":\"https:\/\/raege-az.pt\/wp-content\/uploads\/2021\/04\/1-e1618244466611.png\",\"width\":1380,\"height\":213,\"caption\":\"RAEGE-Az\"},\"image\":{\"@id\":\"https:\/\/raege-az.pt\/en\/#\/schema\/logo\/image\/\"},\"sameAs\":[\"https:\/\/www.facebook.com\/raege.az\"]}]}<\/script>\n<!-- \/ Yoast SEO plugin. -->","yoast_head_json":{"title":"Researcher Position \u2013 SOLAR-Az Project - RAEGE-Az","robots":{"index":"index","follow":"follow","max-snippet":"max-snippet:-1","max-image-preview":"max-image-preview:large","max-video-preview":"max-video-preview:-1"},"canonical":"https:\/\/raege-az.pt\/en\/researcher-position-solar-az-project\/","og_locale":"en_GB","og_type":"article","og_title":"Researcher Position \u2013 SOLAR-Az Project - RAEGE-Az","og_description":"Researcher Position \u2013 SOLAR-Az Project Project Overview The SOLAR-Az project aims to establish a cutting-edge solar activity monitoring infrastructure in the Azores Archipelago, integrating it into the global e-CALLISTO network. The project will deploy new-generation spectrometers and antennas to fill the observational gap over the North Atlantic, enhancing global space weather forecasting. It is supported [&hellip;]","og_url":"https:\/\/raege-az.pt\/en\/researcher-position-solar-az-project\/","og_site_name":"RAEGE-Az","article_publisher":"https:\/\/www.facebook.com\/raege.az","article_modified_time":"2025-09-29T14:18:18+00:00","og_image":[{"width":1500,"height":1500,"url":"https:\/\/raege-az.pt\/wp-content\/uploads\/2021\/04\/2.png","type":"image\/png"}],"twitter_card":"summary_large_image","twitter_misc":{"Est. reading time":"3 minutes"},"schema":{"@context":"https:\/\/schema.org","@graph":[{"@type":"WebPage","@id":"https:\/\/raege-az.pt\/researcher-position-solar-az-project\/","url":"https:\/\/raege-az.pt\/researcher-position-solar-az-project\/","name":"Researcher Position \u2013 SOLAR-Az Project - RAEGE-Az","isPartOf":{"@id":"https:\/\/raege-az.pt\/en\/#website"},"datePublished":"2025-09-29T10:36:36+00:00","dateModified":"2025-09-29T14:18:18+00:00","breadcrumb":{"@id":"https:\/\/raege-az.pt\/researcher-position-solar-az-project\/#breadcrumb"},"inLanguage":"en-GB","potentialAction":[{"@type":"ReadAction","target":["https:\/\/raege-az.pt\/researcher-position-solar-az-project\/"]}]},{"@type":"BreadcrumbList","@id":"https:\/\/raege-az.pt\/researcher-position-solar-az-project\/#breadcrumb","itemListElement":[{"@type":"ListItem","position":1,"name":"In\u00edcio","item":"https:\/\/raege-az.pt\/"},{"@type":"ListItem","position":2,"name":"Researcher Position \u2013 SOLAR-Az Project"}]},{"@type":"WebSite","@id":"https:\/\/raege-az.pt\/en\/#website","url":"https:\/\/raege-az.pt\/en\/","name":"RAEGE-Az","description":"Associa\u00e7\u00e3o RAEGE A\u00e7ores","publisher":{"@id":"https:\/\/raege-az.pt\/en\/#organization"},"alternateName":"RAEGE-Az","potentialAction":[{"@type":"SearchAction","target":{"@type":"EntryPoint","urlTemplate":"https:\/\/raege-az.pt\/en\/?s={search_term_string}"},"query-input":{"@type":"PropertyValueSpecification","valueRequired":true,"valueName":"search_term_string"}}],"inLanguage":"en-GB"},{"@type":"Organization","@id":"https:\/\/raege-az.pt\/en\/#organization","name":"RAEGE-Az","url":"https:\/\/raege-az.pt\/en\/","logo":{"@type":"ImageObject","inLanguage":"en-GB","@id":"https:\/\/raege-az.pt\/en\/#\/schema\/logo\/image\/","url":"https:\/\/raege-az.pt\/wp-content\/uploads\/2021\/04\/1-e1618244466611.png","contentUrl":"https:\/\/raege-az.pt\/wp-content\/uploads\/2021\/04\/1-e1618244466611.png","width":1380,"height":213,"caption":"RAEGE-Az"},"image":{"@id":"https:\/\/raege-az.pt\/en\/#\/schema\/logo\/image\/"},"sameAs":["https:\/\/www.facebook.com\/raege.az"]}]}},"_links":{"self":[{"href":"https:\/\/raege-az.pt\/en\/wp-json\/wp\/v2\/pages\/7642","targetHints":{"allow":["GET"]}}],"collection":[{"href":"https:\/\/raege-az.pt\/en\/wp-json\/wp\/v2\/pages"}],"about":[{"href":"https:\/\/raege-az.pt\/en\/wp-json\/wp\/v2\/types\/page"}],"author":[{"embeddable":true,"href":"https:\/\/raege-az.pt\/en\/wp-json\/wp\/v2\/users\/1"}],"replies":[{"embeddable":true,"href":"https:\/\/raege-az.pt\/en\/wp-json\/wp\/v2\/comments?post=7642"}],"version-history":[{"count":0,"href":"https:\/\/raege-az.pt\/en\/wp-json\/wp\/v2\/pages\/7642\/revisions"}],"wp:attachment":[{"href":"https:\/\/raege-az.pt\/en\/wp-json\/wp\/v2\/media?parent=7642"}],"curies":[{"name":"wp","href":"https:\/\/api.w.org\/{rel}","templated":true}]}}