{"id":7379,"date":"2025-01-02T16:06:44","date_gmt":"2025-01-02T16:06:44","guid":{"rendered":"https:\/\/raege-az.pt\/?page_id=7379"},"modified":"2025-07-28T09:40:07","modified_gmt":"2025-07-28T09:40:07","slug":"recrutamento","status":"publish","type":"page","link":"https:\/\/raege-az.pt\/en\/recrutamento\/","title":{"rendered":"Recrutamento"},"content":{"rendered":"<div data-elementor-type=\"wp-page\" data-elementor-id=\"7379\" class=\"elementor elementor-7379\">\n\t\t\t\t\t\t<section class=\"elementor-section elementor-top-section elementor-element elementor-element-fc23497 elementor-section-boxed elementor-section-height-default elementor-section-height-default\" data-id=\"fc23497\" data-element_type=\"section\" data-settings=\"{&quot;background_background&quot;:&quot;classic&quot;}\">\n\t\t\t\t\t\t\t<div class=\"elementor-background-overlay\"><\/div>\n\t\t\t\t\t\t\t<div class=\"elementor-container elementor-column-gap-no\">\n\t\t\t\t\t<div class=\"elementor-column elementor-col-100 elementor-top-column elementor-element elementor-element-800c438\" data-id=\"800c438\" data-element_type=\"column\">\n\t\t\t<div class=\"elementor-widget-wrap\">\n\t\t\t\t\t\t\t<\/div>\n\t\t<\/div>\n\t\t\t\t\t<\/div>\n\t\t<\/section>\n\t\t\t\t<section class=\"elementor-section elementor-top-section elementor-element elementor-element-cdc7f47 elementor-section-boxed elementor-section-height-default elementor-section-height-default\" data-id=\"cdc7f47\" data-element_type=\"section\" data-settings=\"{&quot;background_background&quot;:&quot;classic&quot;}\">\n\t\t\t\t\t\t<div class=\"elementor-container elementor-column-gap-no\">\n\t\t\t\t\t<div class=\"elementor-column elementor-col-100 elementor-top-column elementor-element elementor-element-aba46b9\" data-id=\"aba46b9\" data-element_type=\"column\">\n\t\t\t<div class=\"elementor-widget-wrap elementor-element-populated\">\n\t\t\t\t\t\t<section class=\"elementor-section elementor-inner-section elementor-element elementor-element-13b95eb elementor-section-boxed elementor-section-height-default elementor-section-height-default\" data-id=\"13b95eb\" data-element_type=\"section\" data-settings=\"{&quot;background_background&quot;:&quot;classic&quot;}\">\n\t\t\t\t\t\t\t<div class=\"elementor-background-overlay\"><\/div>\n\t\t\t\t\t\t\t<div class=\"elementor-container elementor-column-gap-no\">\n\t\t\t\t\t<div class=\"elementor-column elementor-col-100 elementor-inner-column elementor-element elementor-element-caa2f79\" data-id=\"caa2f79\" data-element_type=\"column\" data-settings=\"{&quot;background_background&quot;:&quot;slideshow&quot;,&quot;background_slideshow_gallery&quot;:[],&quot;background_slideshow_loop&quot;:&quot;yes&quot;,&quot;background_slideshow_slide_duration&quot;:5000,&quot;background_slideshow_slide_transition&quot;:&quot;fade&quot;,&quot;background_slideshow_transition_duration&quot;:500}\">\n\t\t\t<div class=\"elementor-widget-wrap elementor-element-populated\">\n\t\t\t\t\t\t<div class=\"elementor-element elementor-element-e7754f0 elementor-widget elementor-widget-text-editor\" data-id=\"e7754f0\" data-element_type=\"widget\" data-widget_type=\"text-editor.default\">\n\t\t\t\t<div class=\"elementor-widget-container\">\n\t\t\t\t\t\t\t\t\t<p>Independentemente de estarem ou n\u00e3o abertas posi\u00e7\u00f5es para trabalhar connosco, se pretender realizar uma candidatura espont\u00e2nea utilize este formul\u00e1rio para nos enviar os seus dados e o seu CV.<\/p>\t\t\t\t\t\t\t\t<\/div>\n\t\t\t\t<\/div>\n\t\t\t\t<div class=\"elementor-element elementor-element-045f195 elementor-widget elementor-widget-shortcode\" data-id=\"045f195\" data-element_type=\"widget\" data-widget_type=\"shortcode.default\">\n\t\t\t\t<div class=\"elementor-widget-container\">\n\t\t\t\t\t\t\t<div class=\"elementor-shortcode\"><div class=\"forminator-ui forminator-custom-form forminator-custom-form-7381 forminator-design--default\" data-forminator-render=\"0\" data-form=\"forminator-module-7381\" data-uid=\"69d6aaeb5059f\"><br\/><\/div><form\n\t\t\t\tid=\"forminator-module-7381\"\n\t\t\t\tclass=\"forminator-ui forminator-custom-form forminator-custom-form-7381 forminator-design--default\"\n\t\t\t\tmethod=\"post\"\n\t\t\t\tdata-forminator-render=\"0\"\n\t\t\t\tdata-form-id=\"7381\"\n\t\t\t\t\n\t\t\t\tdata-design=\"default\"\n\t\t\t\t\n\t\t\t\t\n\t\t\t\t\n\t\t\t\tdata-grid=\"open\"\n\t\t\t\tenctype=\"multipart\/form-data\"\n\t\t\t\t\n\t\t\t\tstyle=\"display: none;\"\n\t\t\t\t\n\t\t\t\tdata-uid=\"69d6aaeb5059f\" action=\"\"\n\t\t\t><div role=\"alert\" aria-live=\"polite\" class=\"forminator-response-message forminator-error\" aria-hidden=\"true\"><\/div><div class=\"forminator-row\"><div id=\"name-1\" class=\"forminator-field-name forminator-col forminator-col-12\"><div class=\"forminator-field\"><label for=\"forminator-field-name-1_69d6aaeb5059f\" id=\"forminator-field-name-1_69d6aaeb5059f-label\" class=\"forminator-label\">Nome Completo <span class=\"forminator-required\">*<\/span><\/label><input type=\"text\" name=\"name-1\" value=\"\" placeholder=\"\" id=\"forminator-field-name-1_69d6aaeb5059f\" class=\"forminator-input forminator-name--field\" aria-required=\"true\" \/><\/div><\/div><\/div><div class=\"forminator-row\"><div id=\"email-1\" class=\"forminator-field-email forminator-col forminator-col-12\"><div class=\"forminator-field\"><label for=\"forminator-field-email-1_69d6aaeb5059f\" id=\"forminator-field-email-1_69d6aaeb5059f-label\" class=\"forminator-label\">Email <span class=\"forminator-required\">*<\/span><\/label><input type=\"email\" name=\"email-1\" value=\"\" placeholder=\"\" id=\"forminator-field-email-1_69d6aaeb5059f\" class=\"forminator-input forminator-email--field\" data-required=\"true\" aria-required=\"true\" \/><\/div><\/div><\/div><div class=\"forminator-row\"><div id=\"select-1\" class=\"forminator-field-select forminator-col forminator-col-12\"><div class=\"forminator-field\"><label for=\"forminator-form-7381__field--select-1_69d6aaeb5059f\" id=\"forminator-form-7381__field--select-1_69d6aaeb5059f-label\" class=\"forminator-label\">\u00c1rea <span class=\"forminator-required\">*<\/span><\/label><select  id=\"forminator-form-7381__field--select-1_69d6aaeb5059f\" class=\"forminator-select--field forminator-select2 forminator-select2-multiple\" data-required=\"1\" name=\"select-1\" data-default-value=\"\" data-hidden-behavior=\"zero\" data-placeholder=\"\u00c1rea\" data-search=\"false\" data-search-placeholder=\"\u00c1rea\" data-checkbox=\"false\" data-allow-clear=\"false\" aria-labelledby=\"forminator-form-7381__field--select-1_69d6aaeb5059f-label\"><option value=\"\"  >\u00c1rea<\/option><option value=\"Eng. Eletr\u00f3nica e Telecomunica\u00e7\u00f5es\"  data-calculation=\"0\">Eng. Eletr\u00f3nica e Telecomunica\u00e7\u00f5es<\/option><option value=\"Eng. Aeroespacial\"  data-calculation=\"0\">Eng. Aeroespacial<\/option><option value=\"Astrof\u00edsica\"  data-calculation=\"0\">Astrof\u00edsica<\/option><option value=\"Eng. Mec\u00e2nica\"  data-calculation=\"0\">Eng. Mec\u00e2nica<\/option><option value=\"Eng. Geoespacial \/ Geogr\u00e1fica\"  data-calculation=\"0\">Eng. Geoespacial \/ Geogr\u00e1fica<\/option><\/select><\/div><\/div><\/div><div class=\"forminator-row\"><div id=\"upload-1\" class=\"forminator-field-upload forminator-col forminator-col-12\"><div class=\"forminator-field\"><label for=\"forminator-field-upload-1_69d6aaeb5059f\" id=\"forminator-field-upload-1_69d6aaeb5059f-label\" class=\"forminator-label\">Curriculum Vitae <span class=\"forminator-required\">*<\/span><\/label><div class=\"forminator-file-upload\" data-element=\"upload-1_69d6aaeb5059f\"><input type=\"file\" name=\"upload-1\" id=\"forminator-field-upload-1_69d6aaeb5059f\" class=\"forminator-input-file-required do-validate\" accept=\".avif,.heif,.heics,.heifs,.svgz,.json,.woff,.woff2,.ttf,.eot,.otf,.pdf\"><button id=\"forminator-field-upload-1_69d6aaeb5059f_button\" class=\"forminator-button forminator-button-upload\" data-id=\"forminator-field-upload-1_69d6aaeb5059f\">Choose File<\/button><span data-empty-text=\"No file chosen\">No file chosen<\/span><button class=\"forminator-button-delete\" style=\"display: none;\"><i class=\"forminator-icon-close\" aria-hidden=\"true\"><\/i><span class=\"forminator-screen-reader-only\">Delete uploaded file<\/span><\/button><\/div><\/div><\/div><\/div><div class=\"forminator-row\"><div id=\"consent-1\" class=\"forminator-field-consent forminator-col forminator-col-12\"><div class=\"forminator-field\"><label for=\"forminator-field-consent-1_69d6aaeb5059f\" id=\"forminator-field-consent-1_69d6aaeb5059f-label\" class=\"forminator-label\">Consentimento <span class=\"forminator-required\">*<\/span><\/label><div class=\"forminator-checkbox__wrapper\"><label id=\"forminator-field-consent-1_69d6aaeb5059f__label\" class=\"forminator-checkbox forminator-consent\" aria-labelledby=\"forminator-field-consent-1_69d6aaeb5059f-label\" aria-hidden=\"true\"><input type=\"checkbox\" name=\"consent-1\" id=\"forminator-field-consent-1_69d6aaeb5059f\" value=\"checked\" aria-labelledby=\"forminator-field-consent-1_69d6aaeb5059f-label\" aria-describedby=\"forminator-field-consent-1_69d6aaeb5059f__description\" data-required=\"true\" aria-required=\"true\" \/><span class=\"forminator-checkbox-box\" aria-hidden=\"true\"><\/span><\/label><div id=\"forminator-field-consent-1_69d6aaeb5059f__description\" class=\"forminator-checkbox__label forminator-consent__label\"><p>Sim, concordo com os <a rel=\"noopener\" target=\"_blank\" href=\"https:\/\/raege-az.pt\/en\/termos-e-condicoes\/#termos\">Terms and Conditions<\/a> e a <a rel=\"noopener\" target=\"_blank\" href=\"https:\/\/raege-az.pt\/en\/termos-e-condicoes\/#politica\">Privacy and Personal Data Protection Policy<\/a>, e declaro aceitar o tratamento de dados conforme a <a rel=\"noopener\" target=\"_blank\" href=\"https:\/\/raege-az.pt\/en\/declaracao-consentimento-rgpd\/\">Declara\u00e7\u00e3o Consentimento RGPD da Associa\u00e7\u00e3o RAEGE A\u00e7ores.<\/a><\/p>\n<p><span data-teams=\"true\">Desde j\u00e1 autorizo o arquivo do CV submetido para consulta pela equipa da RAEGE-Az, por um per\u00edodo n\u00e3o superior a 6 meses.<\/span><\/p><\/div><\/div><\/div><\/div><\/div><input type=\"hidden\" name=\"referer_url\" value=\"\" \/><div class=\"forminator-row forminator-row-last\"><div class=\"forminator-col\"><div class=\"forminator-field\"><button class=\"forminator-button forminator-button-submit\">Submeter<\/button><\/div><\/div><\/div><input type=\"hidden\" id=\"forminator_nonce\" name=\"forminator_nonce\" value=\"19ff326ce3\" \/><input type=\"hidden\" name=\"_wp_http_referer\" value=\"\/en\/wp-json\/wp\/v2\/pages\/7379\" \/><input type=\"hidden\" name=\"form_id\" value=\"7381\"><input type=\"hidden\" name=\"page_id\" value=\"7379\"><input type=\"hidden\" name=\"form_type\" value=\"default\"><input type=\"hidden\" name=\"current_url\" value=\"https:\/\/raege-az.pt\/en\/recrutamento\/\"><input type=\"hidden\" name=\"render_id\" value=\"0\"><input type=\"hidden\" name=\"action\" value=\"forminator_submit_form_custom-forms\"><input type=\"hidden\" name=\"trp-form-language\" value=\"en\"\/><\/form><\/div>\n\t\t\t\t\t\t<\/div>\n\t\t\t\t<\/div>\n\t\t\t\t\t<\/div>\n\t\t<\/div>\n\t\t\t\t\t<\/div>\n\t\t<\/section>\n\t\t\t\t\t<\/div>\n\t\t<\/div>\n\t\t\t\t\t<\/div>\n\t\t<\/section>\n\t\t\t\t<\/div>","protected":false},"excerpt":{"rendered":"<p>Independentemente de estarem ou n\u00e3o abertas posi\u00e7\u00f5es para trabalhar connosco, se pretender realizar uma candidatura espont\u00e2nea utilize este formul\u00e1rio para nos enviar os seus dados e o seu CV.<\/p>","protected":false},"author":1,"featured_media":0,"parent":0,"menu_order":0,"comment_status":"closed","ping_status":"closed","template":"","meta":{"site-sidebar-layout":"no-sidebar","site-content-layout":"page-builder","ast-site-content-layout":"full-width-container","site-content-style":"unboxed","site-sidebar-style":"unboxed","ast-global-header-display":"","ast-banner-title-visibility":"","ast-main-header-display":"","ast-hfb-above-header-display":"","ast-hfb-below-header-display":"","ast-hfb-mobile-header-display":"","site-post-title":"disabled","ast-breadcrumbs-content":"","ast-featured-img":"disabled","footer-sml-layout":"","theme-transparent-header-meta":"default","adv-header-id-meta":"","stick-header-meta":"","header-above-stick-meta":"","header-main-stick-meta":"","header-below-stick-meta":"","astra-migrate-meta-layouts":"set","ast-page-background-enabled":"default","ast-page-background-meta":{"desktop":{"background-color":"","background-image":"","background-repeat":"repeat","background-position":"center center","background-size":"auto","background-attachment":"scroll","background-type":"","background-media":"","overlay-type":"","overlay-color":"","overlay-opacity":"","overlay-gradient":""},"tablet":{"background-color":"","background-image":"","background-repeat":"repeat","background-position":"center center","background-size":"auto","background-attachment":"scroll","background-type":"","background-media":"","overlay-type":"","overlay-color":"","overlay-opacity":"","overlay-gradient":""},"mobile":{"background-color":"","background-image":"","background-repeat":"repeat","background-position":"center center","background-size":"auto","background-attachment":"scroll","background-type":"","background-media":"","overlay-type":"","overlay-color":"","overlay-opacity":"","overlay-gradient":""}},"ast-content-background-meta":{"desktop":{"background-color":"var(--ast-global-color-5)","background-image":"","background-repeat":"repeat","background-position":"center center","background-size":"auto","background-attachment":"scroll","background-type":"","background-media":"","overlay-type":"","overlay-color":"","overlay-opacity":"","overlay-gradient":""},"tablet":{"background-color":"var(--ast-global-color-5)","background-image":"","background-repeat":"repeat","background-position":"center center","background-size":"auto","background-attachment":"scroll","background-type":"","background-media":"","overlay-type":"","overlay-color":"","overlay-opacity":"","overlay-gradient":""},"mobile":{"background-color":"var(--ast-global-color-5)","background-image":"","background-repeat":"repeat","background-position":"center center","background-size":"auto","background-attachment":"scroll","background-type":"","background-media":"","overlay-type":"","overlay-color":"","overlay-opacity":"","overlay-gradient":""}},"footnotes":""},"class_list":["post-7379","page","type-page","status-publish","hentry"],"yoast_head":"<!-- This site is optimized with the Yoast SEO plugin v25.5 - https:\/\/yoast.com\/wordpress\/plugins\/seo\/ -->\n<title>Recrutamento - RAEGE-Az<\/title>\n<meta name=\"description\" content=\"Independentemente de estarem ou n\u00e3o abertas posi\u00e7\u00f5es para trabalhar connosco, se pretender realizar uma candidatura espont\u00e2nea utilize este formul\u00e1rio\" \/>\n<meta name=\"robots\" content=\"index, follow, max-snippet:-1, max-image-preview:large, max-video-preview:-1\" \/>\n<link rel=\"canonical\" href=\"https:\/\/raege-az.pt\/en\/recrutamento\/\" \/>\n<meta property=\"og:locale\" content=\"en_GB\" \/>\n<meta property=\"og:type\" content=\"article\" \/>\n<meta property=\"og:title\" content=\"Recrutamento - RAEGE-Az\" \/>\n<meta property=\"og:description\" content=\"Independentemente de estarem ou n\u00e3o abertas posi\u00e7\u00f5es para trabalhar connosco, se pretender realizar uma candidatura espont\u00e2nea utilize este formul\u00e1rio\" \/>\n<meta property=\"og:url\" content=\"https:\/\/raege-az.pt\/en\/recrutamento\/\" \/>\n<meta property=\"og:site_name\" content=\"RAEGE-Az\" \/>\n<meta property=\"article:publisher\" content=\"https:\/\/www.facebook.com\/raege.az\" \/>\n<meta property=\"article:modified_time\" content=\"2025-07-28T09:40:07+00:00\" \/>\n<meta property=\"og:image\" content=\"https:\/\/raege-az.pt\/wp-content\/uploads\/2021\/04\/2.png\" \/>\n\t<meta property=\"og:image:width\" content=\"1500\" \/>\n\t<meta property=\"og:image:height\" content=\"1500\" \/>\n\t<meta property=\"og:image:type\" content=\"image\/png\" \/>\n<meta name=\"twitter:card\" content=\"summary_large_image\" \/>\n<meta name=\"twitter:label1\" content=\"Est. reading time\" \/>\n\t<meta name=\"twitter:data1\" content=\"1 minute\" \/>\n<script type=\"application\/ld+json\" class=\"yoast-schema-graph\">{\"@context\":\"https:\/\/schema.org\",\"@graph\":[{\"@type\":\"WebPage\",\"@id\":\"https:\/\/raege-az.pt\/recrutamento\/\",\"url\":\"https:\/\/raege-az.pt\/recrutamento\/\",\"name\":\"Recrutamento - RAEGE-Az\",\"isPartOf\":{\"@id\":\"https:\/\/raege-az.pt\/en\/#website\"},\"datePublished\":\"2025-01-02T16:06:44+00:00\",\"dateModified\":\"2025-07-28T09:40:07+00:00\",\"description\":\"Independentemente de estarem ou n\u00e3o abertas posi\u00e7\u00f5es para trabalhar connosco, se pretender realizar uma candidatura espont\u00e2nea utilize este formul\u00e1rio\",\"breadcrumb\":{\"@id\":\"https:\/\/raege-az.pt\/recrutamento\/#breadcrumb\"},\"inLanguage\":\"en-GB\",\"potentialAction\":[{\"@type\":\"ReadAction\",\"target\":[\"https:\/\/raege-az.pt\/recrutamento\/\"]}]},{\"@type\":\"BreadcrumbList\",\"@id\":\"https:\/\/raege-az.pt\/recrutamento\/#breadcrumb\",\"itemListElement\":[{\"@type\":\"ListItem\",\"position\":1,\"name\":\"In\u00edcio\",\"item\":\"https:\/\/raege-az.pt\/\"},{\"@type\":\"ListItem\",\"position\":2,\"name\":\"Recrutamento\"}]},{\"@type\":\"WebSite\",\"@id\":\"https:\/\/raege-az.pt\/en\/#website\",\"url\":\"https:\/\/raege-az.pt\/en\/\",\"name\":\"RAEGE-Az\",\"description\":\"Associa\u00e7\u00e3o RAEGE A\u00e7ores\",\"publisher\":{\"@id\":\"https:\/\/raege-az.pt\/en\/#organization\"},\"alternateName\":\"RAEGE-Az\",\"potentialAction\":[{\"@type\":\"SearchAction\",\"target\":{\"@type\":\"EntryPoint\",\"urlTemplate\":\"https:\/\/raege-az.pt\/en\/?s={search_term_string}\"},\"query-input\":{\"@type\":\"PropertyValueSpecification\",\"valueRequired\":true,\"valueName\":\"search_term_string\"}}],\"inLanguage\":\"en-GB\"},{\"@type\":\"Organization\",\"@id\":\"https:\/\/raege-az.pt\/en\/#organization\",\"name\":\"RAEGE-Az\",\"url\":\"https:\/\/raege-az.pt\/en\/\",\"logo\":{\"@type\":\"ImageObject\",\"inLanguage\":\"en-GB\",\"@id\":\"https:\/\/raege-az.pt\/en\/#\/schema\/logo\/image\/\",\"url\":\"https:\/\/raege-az.pt\/wp-content\/uploads\/2021\/04\/1-e1618244466611.png\",\"contentUrl\":\"https:\/\/raege-az.pt\/wp-content\/uploads\/2021\/04\/1-e1618244466611.png\",\"width\":1380,\"height\":213,\"caption\":\"RAEGE-Az\"},\"image\":{\"@id\":\"https:\/\/raege-az.pt\/en\/#\/schema\/logo\/image\/\"},\"sameAs\":[\"https:\/\/www.facebook.com\/raege.az\"]}]}<\/script>\n<!-- \/ Yoast SEO plugin. -->","yoast_head_json":{"title":"Recrutamento - RAEGE-Az","description":"Independentemente de estarem ou n\u00e3o abertas posi\u00e7\u00f5es para trabalhar connosco, se pretender realizar uma candidatura espont\u00e2nea utilize este formul\u00e1rio","robots":{"index":"index","follow":"follow","max-snippet":"max-snippet:-1","max-image-preview":"max-image-preview:large","max-video-preview":"max-video-preview:-1"},"canonical":"https:\/\/raege-az.pt\/en\/recrutamento\/","og_locale":"en_GB","og_type":"article","og_title":"Recrutamento - RAEGE-Az","og_description":"Independentemente de estarem ou n\u00e3o abertas posi\u00e7\u00f5es para trabalhar connosco, se pretender realizar uma candidatura espont\u00e2nea utilize este formul\u00e1rio","og_url":"https:\/\/raege-az.pt\/en\/recrutamento\/","og_site_name":"RAEGE-Az","article_publisher":"https:\/\/www.facebook.com\/raege.az","article_modified_time":"2025-07-28T09:40:07+00:00","og_image":[{"width":1500,"height":1500,"url":"https:\/\/raege-az.pt\/wp-content\/uploads\/2021\/04\/2.png","type":"image\/png"}],"twitter_card":"summary_large_image","twitter_misc":{"Est. reading time":"1 minute"},"schema":{"@context":"https:\/\/schema.org","@graph":[{"@type":"WebPage","@id":"https:\/\/raege-az.pt\/recrutamento\/","url":"https:\/\/raege-az.pt\/recrutamento\/","name":"Recrutamento - RAEGE-Az","isPartOf":{"@id":"https:\/\/raege-az.pt\/en\/#website"},"datePublished":"2025-01-02T16:06:44+00:00","dateModified":"2025-07-28T09:40:07+00:00","description":"Independentemente de estarem ou n\u00e3o abertas posi\u00e7\u00f5es para trabalhar connosco, se pretender realizar uma candidatura espont\u00e2nea utilize este formul\u00e1rio","breadcrumb":{"@id":"https:\/\/raege-az.pt\/recrutamento\/#breadcrumb"},"inLanguage":"en-GB","potentialAction":[{"@type":"ReadAction","target":["https:\/\/raege-az.pt\/recrutamento\/"]}]},{"@type":"BreadcrumbList","@id":"https:\/\/raege-az.pt\/recrutamento\/#breadcrumb","itemListElement":[{"@type":"ListItem","position":1,"name":"In\u00edcio","item":"https:\/\/raege-az.pt\/"},{"@type":"ListItem","position":2,"name":"Recrutamento"}]},{"@type":"WebSite","@id":"https:\/\/raege-az.pt\/en\/#website","url":"https:\/\/raege-az.pt\/en\/","name":"RAEGE-Az","description":"Associa\u00e7\u00e3o RAEGE A\u00e7ores","publisher":{"@id":"https:\/\/raege-az.pt\/en\/#organization"},"alternateName":"RAEGE-Az","potentialAction":[{"@type":"SearchAction","target":{"@type":"EntryPoint","urlTemplate":"https:\/\/raege-az.pt\/en\/?s={search_term_string}"},"query-input":{"@type":"PropertyValueSpecification","valueRequired":true,"valueName":"search_term_string"}}],"inLanguage":"en-GB"},{"@type":"Organization","@id":"https:\/\/raege-az.pt\/en\/#organization","name":"RAEGE-Az","url":"https:\/\/raege-az.pt\/en\/","logo":{"@type":"ImageObject","inLanguage":"en-GB","@id":"https:\/\/raege-az.pt\/en\/#\/schema\/logo\/image\/","url":"https:\/\/raege-az.pt\/wp-content\/uploads\/2021\/04\/1-e1618244466611.png","contentUrl":"https:\/\/raege-az.pt\/wp-content\/uploads\/2021\/04\/1-e1618244466611.png","width":1380,"height":213,"caption":"RAEGE-Az"},"image":{"@id":"https:\/\/raege-az.pt\/en\/#\/schema\/logo\/image\/"},"sameAs":["https:\/\/www.facebook.com\/raege.az"]}]}},"_links":{"self":[{"href":"https:\/\/raege-az.pt\/en\/wp-json\/wp\/v2\/pages\/7379","targetHints":{"allow":["GET"]}}],"collection":[{"href":"https:\/\/raege-az.pt\/en\/wp-json\/wp\/v2\/pages"}],"about":[{"href":"https:\/\/raege-az.pt\/en\/wp-json\/wp\/v2\/types\/page"}],"author":[{"embeddable":true,"href":"https:\/\/raege-az.pt\/en\/wp-json\/wp\/v2\/users\/1"}],"replies":[{"embeddable":true,"href":"https:\/\/raege-az.pt\/en\/wp-json\/wp\/v2\/comments?post=7379"}],"version-history":[{"count":0,"href":"https:\/\/raege-az.pt\/en\/wp-json\/wp\/v2\/pages\/7379\/revisions"}],"wp:attachment":[{"href":"https:\/\/raege-az.pt\/en\/wp-json\/wp\/v2\/media?parent=7379"}],"curies":[{"name":"wp","href":"https:\/\/api.w.org\/{rel}","templated":true}]}}