{"id":7235,"date":"2024-09-16T12:11:49","date_gmt":"2024-09-16T12:11:49","guid":{"rendered":"https:\/\/raege-az.pt\/?page_id=7235"},"modified":"2024-09-16T12:12:44","modified_gmt":"2024-09-16T12:12:44","slug":"declaracao-consentimento-rgpd","status":"publish","type":"page","link":"https:\/\/raege-az.pt\/en\/declaracao-consentimento-rgpd\/","title":{"rendered":"GDPR Consent Statement"},"content":{"rendered":"<div data-elementor-type=\"wp-page\" data-elementor-id=\"7235\" class=\"elementor elementor-7235\">\n\t\t\t\t\t\t<section class=\"elementor-section elementor-top-section elementor-element elementor-element-cdc7f47 elementor-section-boxed elementor-section-height-default elementor-section-height-default\" data-id=\"cdc7f47\" data-element_type=\"section\" data-settings=\"{&quot;background_background&quot;:&quot;classic&quot;}\">\n\t\t\t\t\t\t<div class=\"elementor-container elementor-column-gap-no\">\n\t\t\t\t\t<div class=\"elementor-column elementor-col-100 elementor-top-column elementor-element elementor-element-271c8f0\" data-id=\"271c8f0\" data-element_type=\"column\">\n\t\t\t<div class=\"elementor-widget-wrap elementor-element-populated\">\n\t\t\t\t\t\t<div class=\"elementor-element elementor-element-65caff0 elementor-widget elementor-widget-heading\" data-id=\"65caff0\" data-element_type=\"widget\" data-widget_type=\"heading.default\">\n\t\t\t\t<div class=\"elementor-widget-container\">\n\t\t\t\t\t<h2 class=\"elementor-heading-title elementor-size-default\">GDPR Consent Statement<\/h2>\t\t\t\t<\/div>\n\t\t\t\t<\/div>\n\t\t\t\t<div class=\"elementor-element elementor-element-1125860 elementor-widget elementor-widget-text-editor\" data-id=\"1125860\" data-element_type=\"widget\" data-widget_type=\"text-editor.default\">\n\t\t\t\t<div class=\"elementor-widget-container\">\n\t\t\t\t\t\t\t\t\t<p><i><strong>I hereby declare, for the purposes set out in Article 13 of the General Data Protection Regulation (EU) 2016\/679 of the European Parliament and of the Council of 27 April (GDPR), that I hereby give my consent to the processing of my personal data by \u201cAssocia\u00e7\u00e3o RAEGE A\u00e7ores\u201d, a private legal entity, with its registered office at Caminho dos Piquinhos, s\/n \u2013 km1, 9580-324 Vila do Porto.<\/strong><\/i><\/p><p><i><strong>I have read and accept the Privacy and Data Protection Policy and authorise \u201cAssocia\u00e7\u00e3o RAEGE A\u00e7ores\u201d to:<\/strong><\/i><\/p><p><i><strong>To receive my data, whilst ensuring its confidentiality, and to ensure that it is used in accordance with this company\u2019s corporate purpose and in a manner consistent with the purposes for which it was collected.<\/strong><\/i><\/p><p><i><strong>The data provided to \u201cAssocia\u00e7\u00e3o RAEGE A\u00e7ores\u201d is incorporated and processed by the association in a database under its responsibility, for the sole purpose of managing the services requested by the customer, in order to comply with the applicable legal requirements.<\/strong><\/i><\/p><p><i><strong>I consent to the processing of the said data and agree that staff members of the \u201cRAEGE A\u00e7ores Association\u201d may access it in order to carry out any activities necessary for the provision and promotion of the service.<\/strong><\/i><\/p><p><i><strong>I am aware that I am free to choose whether or not to provide the requested information and whether or not to consent to its processing when I submit a duly completed form.<\/strong><\/i><\/p><p><i><strong>I acknowledge that, if I do not provide all the requested information, \u201cAssocia\u00e7\u00e3o RAEGE A\u00e7ores\u201d may be unable to provide me with the service or sell me the item, or ensure the proper functioning of certain current and\/or future features on the website, as well as the effectiveness of any subsequent dispatch, data processing, enquiries or contact.<\/strong><\/i><\/p><p><i><strong>I am aware that I have the right to withdraw my consent at any time, without this affecting the lawfulness of the processing carried out on the basis of the consent previously given.<\/strong><\/i><\/p>\t\t\t\t\t\t\t\t<\/div>\n\t\t\t\t<\/div>\n\t\t\t\t\t<\/div>\n\t\t<\/div>\n\t\t\t\t\t<\/div>\n\t\t<\/section>\n\t\t\t\t<\/div>","protected":false},"excerpt":{"rendered":"<p>Declara\u00e7\u00e3o Consentimento RGPD Declaro para os efeitos previstos no disposto no art.\u00ba 13.\u00ba do Regulamento Geral de Prote\u00e7\u00e3o de Dados (EU)2016\/679 do P. E. e do Conselho de 27 de abril (RGPD) prestar, por este meio, o meu consentimento para o tratamento dos meus dados pessoais \u00e0 \u201cAssocia\u00e7\u00e3o RAEGE A\u00e7ores\u201d, Pessoa Coletiva de direito privado, [&hellip;]<\/p>","protected":false},"author":1,"featured_media":0,"parent":0,"menu_order":0,"comment_status":"closed","ping_status":"closed","template":"","meta":{"site-sidebar-layout":"no-sidebar","site-content-layout":"page-builder","ast-site-content-layout":"","site-content-style":"default","site-sidebar-style":"default","ast-global-header-display":"","ast-banner-title-visibility":"","ast-main-header-display":"","ast-hfb-above-header-display":"","ast-hfb-below-header-display":"","ast-hfb-mobile-header-display":"","site-post-title":"disabled","ast-breadcrumbs-content":"","ast-featured-img":"disabled","footer-sml-layout":"","theme-transparent-header-meta":"default","adv-header-id-meta":"","stick-header-meta":"","header-above-stick-meta":"","header-main-stick-meta":"","header-below-stick-meta":"","astra-migrate-meta-layouts":"default","ast-page-background-enabled":"default","ast-page-background-meta":{"desktop":{"background-color":"","background-image":"","background-repeat":"repeat","background-position":"center center","background-size":"auto","background-attachment":"scroll","background-type":"","background-media":"","overlay-type":"","overlay-color":"","overlay-opacity":"","overlay-gradient":""},"tablet":{"background-color":"","background-image":"","background-repeat":"repeat","background-position":"center center","background-size":"auto","background-attachment":"scroll","background-type":"","background-media":"","overlay-type":"","overlay-color":"","overlay-opacity":"","overlay-gradient":""},"mobile":{"background-color":"","background-image":"","background-repeat":"repeat","background-position":"center center","background-size":"auto","background-attachment":"scroll","background-type":"","background-media":"","overlay-type":"","overlay-color":"","overlay-opacity":"","overlay-gradient":""}},"ast-content-background-meta":{"desktop":{"background-color":"var(--ast-global-color-5)","background-image":"","background-repeat":"repeat","background-position":"center center","background-size":"auto","background-attachment":"scroll","background-type":"","background-media":"","overlay-type":"","overlay-color":"","overlay-opacity":"","overlay-gradient":""},"tablet":{"background-color":"var(--ast-global-color-5)","background-image":"","background-repeat":"repeat","background-position":"center center","background-size":"auto","background-attachment":"scroll","background-type":"","background-media":"","overlay-type":"","overlay-color":"","overlay-opacity":"","overlay-gradient":""},"mobile":{"background-color":"var(--ast-global-color-5)","background-image":"","background-repeat":"repeat","background-position":"center center","background-size":"auto","background-attachment":"scroll","background-type":"","background-media":"","overlay-type":"","overlay-color":"","overlay-opacity":"","overlay-gradient":""}},"footnotes":""},"class_list":["post-7235","page","type-page","status-publish","hentry"],"yoast_head":"<!-- This site is optimized with the Yoast SEO plugin v25.5 - https:\/\/yoast.com\/wordpress\/plugins\/seo\/ -->\n<title>Declara\u00e7\u00e3o Consentimento RGPD - RAEGE-Az<\/title>\n<meta name=\"robots\" content=\"index, follow, max-snippet:-1, max-image-preview:large, max-video-preview:-1\" \/>\n<link rel=\"canonical\" href=\"https:\/\/raege-az.pt\/en\/declaracao-consentimento-rgpd\/\" \/>\n<meta property=\"og:locale\" content=\"en_GB\" \/>\n<meta property=\"og:type\" content=\"article\" \/>\n<meta property=\"og:title\" content=\"Declara\u00e7\u00e3o Consentimento RGPD - RAEGE-Az\" \/>\n<meta property=\"og:description\" content=\"Declara\u00e7\u00e3o Consentimento RGPD Declaro para os efeitos previstos no disposto no art.\u00ba 13.\u00ba do Regulamento Geral de Prote\u00e7\u00e3o de Dados (EU)2016\/679 do P. E. e do Conselho de 27 de abril (RGPD) prestar, por este meio, o meu consentimento para o tratamento dos meus dados pessoais \u00e0 \u201cAssocia\u00e7\u00e3o RAEGE A\u00e7ores\u201d, Pessoa Coletiva de direito privado, [&hellip;]\" \/>\n<meta property=\"og:url\" content=\"https:\/\/raege-az.pt\/en\/declaracao-consentimento-rgpd\/\" \/>\n<meta property=\"og:site_name\" content=\"RAEGE-Az\" \/>\n<meta property=\"article:publisher\" content=\"https:\/\/www.facebook.com\/raege.az\" \/>\n<meta property=\"article:modified_time\" content=\"2024-09-16T12:12:44+00:00\" \/>\n<meta property=\"og:image\" content=\"https:\/\/raege-az.pt\/wp-content\/uploads\/2021\/04\/2.png\" \/>\n\t<meta property=\"og:image:width\" content=\"1500\" \/>\n\t<meta property=\"og:image:height\" content=\"1500\" \/>\n\t<meta property=\"og:image:type\" content=\"image\/png\" \/>\n<meta name=\"twitter:card\" content=\"summary_large_image\" \/>\n<meta name=\"twitter:label1\" content=\"Est. reading time\" \/>\n\t<meta name=\"twitter:data1\" content=\"2 minutes\" \/>\n<script type=\"application\/ld+json\" class=\"yoast-schema-graph\">{\"@context\":\"https:\/\/schema.org\",\"@graph\":[{\"@type\":\"WebPage\",\"@id\":\"https:\/\/raege-az.pt\/declaracao-consentimento-rgpd\/\",\"url\":\"https:\/\/raege-az.pt\/declaracao-consentimento-rgpd\/\",\"name\":\"Declara\u00e7\u00e3o Consentimento RGPD - RAEGE-Az\",\"isPartOf\":{\"@id\":\"https:\/\/raege-az.pt\/en\/#website\"},\"datePublished\":\"2024-09-16T12:11:49+00:00\",\"dateModified\":\"2024-09-16T12:12:44+00:00\",\"breadcrumb\":{\"@id\":\"https:\/\/raege-az.pt\/declaracao-consentimento-rgpd\/#breadcrumb\"},\"inLanguage\":\"en-GB\",\"potentialAction\":[{\"@type\":\"ReadAction\",\"target\":[\"https:\/\/raege-az.pt\/declaracao-consentimento-rgpd\/\"]}]},{\"@type\":\"BreadcrumbList\",\"@id\":\"https:\/\/raege-az.pt\/declaracao-consentimento-rgpd\/#breadcrumb\",\"itemListElement\":[{\"@type\":\"ListItem\",\"position\":1,\"name\":\"In\u00edcio\",\"item\":\"https:\/\/raege-az.pt\/\"},{\"@type\":\"ListItem\",\"position\":2,\"name\":\"Declara\u00e7\u00e3o Consentimento RGPD\"}]},{\"@type\":\"WebSite\",\"@id\":\"https:\/\/raege-az.pt\/en\/#website\",\"url\":\"https:\/\/raege-az.pt\/en\/\",\"name\":\"RAEGE-Az\",\"description\":\"Associa\u00e7\u00e3o RAEGE A\u00e7ores\",\"publisher\":{\"@id\":\"https:\/\/raege-az.pt\/en\/#organization\"},\"alternateName\":\"RAEGE-Az\",\"potentialAction\":[{\"@type\":\"SearchAction\",\"target\":{\"@type\":\"EntryPoint\",\"urlTemplate\":\"https:\/\/raege-az.pt\/en\/?s={search_term_string}\"},\"query-input\":{\"@type\":\"PropertyValueSpecification\",\"valueRequired\":true,\"valueName\":\"search_term_string\"}}],\"inLanguage\":\"en-GB\"},{\"@type\":\"Organization\",\"@id\":\"https:\/\/raege-az.pt\/en\/#organization\",\"name\":\"RAEGE-Az\",\"url\":\"https:\/\/raege-az.pt\/en\/\",\"logo\":{\"@type\":\"ImageObject\",\"inLanguage\":\"en-GB\",\"@id\":\"https:\/\/raege-az.pt\/en\/#\/schema\/logo\/image\/\",\"url\":\"https:\/\/raege-az.pt\/wp-content\/uploads\/2021\/04\/1-e1618244466611.png\",\"contentUrl\":\"https:\/\/raege-az.pt\/wp-content\/uploads\/2021\/04\/1-e1618244466611.png\",\"width\":1380,\"height\":213,\"caption\":\"RAEGE-Az\"},\"image\":{\"@id\":\"https:\/\/raege-az.pt\/en\/#\/schema\/logo\/image\/\"},\"sameAs\":[\"https:\/\/www.facebook.com\/raege.az\"]}]}<\/script>\n<!-- \/ Yoast SEO plugin. -->","yoast_head_json":{"title":"Declara\u00e7\u00e3o Consentimento RGPD - RAEGE-Az","robots":{"index":"index","follow":"follow","max-snippet":"max-snippet:-1","max-image-preview":"max-image-preview:large","max-video-preview":"max-video-preview:-1"},"canonical":"https:\/\/raege-az.pt\/en\/declaracao-consentimento-rgpd\/","og_locale":"en_GB","og_type":"article","og_title":"Declara\u00e7\u00e3o Consentimento RGPD - RAEGE-Az","og_description":"Declara\u00e7\u00e3o Consentimento RGPD Declaro para os efeitos previstos no disposto no art.\u00ba 13.\u00ba do Regulamento Geral de Prote\u00e7\u00e3o de Dados (EU)2016\/679 do P. E. e do Conselho de 27 de abril (RGPD) prestar, por este meio, o meu consentimento para o tratamento dos meus dados pessoais \u00e0 \u201cAssocia\u00e7\u00e3o RAEGE A\u00e7ores\u201d, Pessoa Coletiva de direito privado, [&hellip;]","og_url":"https:\/\/raege-az.pt\/en\/declaracao-consentimento-rgpd\/","og_site_name":"RAEGE-Az","article_publisher":"https:\/\/www.facebook.com\/raege.az","article_modified_time":"2024-09-16T12:12:44+00:00","og_image":[{"width":1500,"height":1500,"url":"https:\/\/raege-az.pt\/wp-content\/uploads\/2021\/04\/2.png","type":"image\/png"}],"twitter_card":"summary_large_image","twitter_misc":{"Est. reading time":"2 minutes"},"schema":{"@context":"https:\/\/schema.org","@graph":[{"@type":"WebPage","@id":"https:\/\/raege-az.pt\/declaracao-consentimento-rgpd\/","url":"https:\/\/raege-az.pt\/declaracao-consentimento-rgpd\/","name":"Declara\u00e7\u00e3o Consentimento RGPD - RAEGE-Az","isPartOf":{"@id":"https:\/\/raege-az.pt\/en\/#website"},"datePublished":"2024-09-16T12:11:49+00:00","dateModified":"2024-09-16T12:12:44+00:00","breadcrumb":{"@id":"https:\/\/raege-az.pt\/declaracao-consentimento-rgpd\/#breadcrumb"},"inLanguage":"en-GB","potentialAction":[{"@type":"ReadAction","target":["https:\/\/raege-az.pt\/declaracao-consentimento-rgpd\/"]}]},{"@type":"BreadcrumbList","@id":"https:\/\/raege-az.pt\/declaracao-consentimento-rgpd\/#breadcrumb","itemListElement":[{"@type":"ListItem","position":1,"name":"In\u00edcio","item":"https:\/\/raege-az.pt\/"},{"@type":"ListItem","position":2,"name":"Declara\u00e7\u00e3o Consentimento RGPD"}]},{"@type":"WebSite","@id":"https:\/\/raege-az.pt\/en\/#website","url":"https:\/\/raege-az.pt\/en\/","name":"RAEGE-Az","description":"Associa\u00e7\u00e3o RAEGE A\u00e7ores","publisher":{"@id":"https:\/\/raege-az.pt\/en\/#organization"},"alternateName":"RAEGE-Az","potentialAction":[{"@type":"SearchAction","target":{"@type":"EntryPoint","urlTemplate":"https:\/\/raege-az.pt\/en\/?s={search_term_string}"},"query-input":{"@type":"PropertyValueSpecification","valueRequired":true,"valueName":"search_term_string"}}],"inLanguage":"en-GB"},{"@type":"Organization","@id":"https:\/\/raege-az.pt\/en\/#organization","name":"RAEGE-Az","url":"https:\/\/raege-az.pt\/en\/","logo":{"@type":"ImageObject","inLanguage":"en-GB","@id":"https:\/\/raege-az.pt\/en\/#\/schema\/logo\/image\/","url":"https:\/\/raege-az.pt\/wp-content\/uploads\/2021\/04\/1-e1618244466611.png","contentUrl":"https:\/\/raege-az.pt\/wp-content\/uploads\/2021\/04\/1-e1618244466611.png","width":1380,"height":213,"caption":"RAEGE-Az"},"image":{"@id":"https:\/\/raege-az.pt\/en\/#\/schema\/logo\/image\/"},"sameAs":["https:\/\/www.facebook.com\/raege.az"]}]}},"_links":{"self":[{"href":"https:\/\/raege-az.pt\/en\/wp-json\/wp\/v2\/pages\/7235","targetHints":{"allow":["GET"]}}],"collection":[{"href":"https:\/\/raege-az.pt\/en\/wp-json\/wp\/v2\/pages"}],"about":[{"href":"https:\/\/raege-az.pt\/en\/wp-json\/wp\/v2\/types\/page"}],"author":[{"embeddable":true,"href":"https:\/\/raege-az.pt\/en\/wp-json\/wp\/v2\/users\/1"}],"replies":[{"embeddable":true,"href":"https:\/\/raege-az.pt\/en\/wp-json\/wp\/v2\/comments?post=7235"}],"version-history":[{"count":0,"href":"https:\/\/raege-az.pt\/en\/wp-json\/wp\/v2\/pages\/7235\/revisions"}],"wp:attachment":[{"href":"https:\/\/raege-az.pt\/en\/wp-json\/wp\/v2\/media?parent=7235"}],"curies":[{"name":"wp","href":"https:\/\/api.w.org\/{rel}","templated":true}]}}