{"id":7187,"date":"2024-09-25T15:22:43","date_gmt":"2024-09-25T15:22:43","guid":{"rendered":"https:\/\/raege-az.pt\/?page_id=7187"},"modified":"2024-10-02T09:37:27","modified_gmt":"2024-10-02T09:37:27","slug":"semana-mundial-do-espaco-2024","status":"publish","type":"page","link":"https:\/\/raege-az.pt\/en\/semana-mundial-do-espaco-2024\/","title":{"rendered":"Semana Mundial do Espa\u00e7o 2024"},"content":{"rendered":"<div data-elementor-type=\"wp-page\" data-elementor-id=\"7187\" class=\"elementor elementor-7187\">\n\t\t\t\t\t\t<section class=\"elementor-section elementor-top-section elementor-element elementor-element-cdc7f47 elementor-section-boxed elementor-section-height-default elementor-section-height-default\" data-id=\"cdc7f47\" data-element_type=\"section\" data-settings=\"{&quot;background_background&quot;:&quot;classic&quot;}\">\n\t\t\t\t\t\t<div class=\"elementor-container elementor-column-gap-no\">\n\t\t\t\t\t<div class=\"elementor-column elementor-col-100 elementor-top-column elementor-element elementor-element-aba46b9\" data-id=\"aba46b9\" data-element_type=\"column\">\n\t\t\t<div class=\"elementor-widget-wrap elementor-element-populated\">\n\t\t\t\t\t\t<div class=\"elementor-element elementor-element-8ecad5d elementor-widget elementor-widget-heading\" data-id=\"8ecad5d\" data-element_type=\"widget\" data-widget_type=\"heading.default\">\n\t\t\t\t<div class=\"elementor-widget-container\">\n\t\t\t\t\t<h2 class=\"elementor-heading-title elementor-size-default\">Semana Mundial do Espa\u00e7o 2024<\/h2>\t\t\t\t<\/div>\n\t\t\t\t<\/div>\n\t\t\t\t<section class=\"elementor-section elementor-inner-section elementor-element elementor-element-13b95eb elementor-section-boxed elementor-section-height-default elementor-section-height-default\" data-id=\"13b95eb\" data-element_type=\"section\" data-settings=\"{&quot;background_background&quot;:&quot;classic&quot;}\">\n\t\t\t\t\t\t\t<div class=\"elementor-background-overlay\"><\/div>\n\t\t\t\t\t\t\t<div class=\"elementor-container elementor-column-gap-no\">\n\t\t\t\t\t<div class=\"elementor-column elementor-col-100 elementor-inner-column elementor-element elementor-element-caa2f79\" data-id=\"caa2f79\" data-element_type=\"column\" data-settings=\"{&quot;background_background&quot;:&quot;slideshow&quot;,&quot;background_slideshow_gallery&quot;:[],&quot;background_slideshow_loop&quot;:&quot;yes&quot;,&quot;background_slideshow_slide_duration&quot;:5000,&quot;background_slideshow_slide_transition&quot;:&quot;fade&quot;,&quot;background_slideshow_transition_duration&quot;:500}\">\n\t\t\t<div class=\"elementor-widget-wrap elementor-element-populated\">\n\t\t\t\t\t\t<div class=\"elementor-element elementor-element-e7754f0 elementor-widget elementor-widget-text-editor\" data-id=\"e7754f0\" data-element_type=\"widget\" data-widget_type=\"text-editor.default\">\n\t\t\t\t<div class=\"elementor-widget-container\">\n\t\t\t\t\t\t\t\t\t<p>A Esta\u00e7\u00e3o RAEGE de Santa Maria junta-se \u00e0s celebra\u00e7\u00f5es da Semana Mundial do Espa\u00e7o realizando visitas guiadas \u00e0 esta\u00e7\u00e3o no pr\u00f3ximo dia 4 de outubro.<\/p>\n<p>Ir\u00e3o realizar-se duas visitas que ter\u00e3o in\u00edcio \u00e0s 17:00h e 18:00h<\/p>\n<p>As visitas s\u00e3o gratuitas mas limitadas aos lugares dispon\u00edveis atribu\u00eddos por inscri\u00e7\u00e3o pr\u00e9via.<\/p>\n<p>A inscri\u00e7\u00e3o poder\u00e1 ser feita no formul\u00e1rio abaixo.<\/p>\n<p>Os menores de 13 anos ter\u00e3o que ser acompanhados por um adulto respons\u00e1vel.<\/p>\n<p>Durante o percurso ser\u00e3o visitados:&nbsp;<\/p>\n<ul>\n<li>Sala de controlo<\/li>\n<li>Laborat\u00f3rio<\/li>\n<li>Radiotelesc\u00f3pio (Base)<\/li>\n<\/ul>\n<p><strong>Data limite de inscri\u00e7\u00e3o:<\/strong> 03 outubro 2024<\/p>\n<p><strong>Em caso de dificuldade em inscrever-se por favor envie email para geral.sma@a-raege-az.pt com os dados pedidos no formul\u00e1rio para procedermos \u00e1 inscri\u00e7\u00e3o.<\/strong><\/p>\t\t\t\t\t\t\t\t<\/div>\n\t\t\t\t<\/div>\n\t\t\t\t<div class=\"elementor-element elementor-element-045f195 elementor-widget elementor-widget-shortcode\" data-id=\"045f195\" data-element_type=\"widget\" data-widget_type=\"shortcode.default\">\n\t\t\t\t<div class=\"elementor-widget-container\">\n\t\t\t\t\t\t\t<div class=\"elementor-shortcode\">\t\t\t<div class=\"forminator-custom-form\">\n\t\t\t\t\t\t\t\t\t<label class=\"forminator-label--info\"><span>As inscri\u00e7\u00f5es para este evento est\u00e3o encerradas.<\/span><\/label>\n\t\t\t\t\t\t\t<\/div>\n\t\t\t<\/div>\n\t\t\t\t\t\t<\/div>\n\t\t\t\t<\/div>\n\t\t\t\t\t<\/div>\n\t\t<\/div>\n\t\t\t\t\t<\/div>\n\t\t<\/section>\n\t\t\t\t\t<\/div>\n\t\t<\/div>\n\t\t\t\t\t<\/div>\n\t\t<\/section>\n\t\t\t\t<\/div>","protected":false},"excerpt":{"rendered":"<p>Semana Mundial do Espa\u00e7o 2024 A Esta\u00e7\u00e3o RAEGE de Santa Maria junta-se \u00e0s celebra\u00e7\u00f5es da Semana Mundial do Espa\u00e7o realizando visitas guiadas \u00e0 esta\u00e7\u00e3o no pr\u00f3ximo dia 4 de outubro. Ir\u00e3o realizar-se duas visitas que ter\u00e3o in\u00edcio \u00e0s 17:00h e 18:00h As visitas s\u00e3o gratuitas mas limitadas aos lugares dispon\u00edveis atribu\u00eddos por inscri\u00e7\u00e3o pr\u00e9via. A [&hellip;]<\/p>","protected":false},"author":1,"featured_media":0,"parent":0,"menu_order":0,"comment_status":"closed","ping_status":"closed","template":"","meta":{"site-sidebar-layout":"no-sidebar","site-content-layout":"page-builder","ast-site-content-layout":"full-width-container","site-content-style":"unboxed","site-sidebar-style":"unboxed","ast-global-header-display":"","ast-banner-title-visibility":"","ast-main-header-display":"","ast-hfb-above-header-display":"","ast-hfb-below-header-display":"","ast-hfb-mobile-header-display":"","site-post-title":"disabled","ast-breadcrumbs-content":"","ast-featured-img":"disabled","footer-sml-layout":"","theme-transparent-header-meta":"default","adv-header-id-meta":"","stick-header-meta":"","header-above-stick-meta":"","header-main-stick-meta":"","header-below-stick-meta":"","astra-migrate-meta-layouts":"set","ast-page-background-enabled":"default","ast-page-background-meta":{"desktop":{"background-color":"","background-image":"","background-repeat":"repeat","background-position":"center center","background-size":"auto","background-attachment":"scroll","background-type":"","background-media":"","overlay-type":"","overlay-color":"","overlay-opacity":"","overlay-gradient":""},"tablet":{"background-color":"","background-image":"","background-repeat":"repeat","background-position":"center center","background-size":"auto","background-attachment":"scroll","background-type":"","background-media":"","overlay-type":"","overlay-color":"","overlay-opacity":"","overlay-gradient":""},"mobile":{"background-color":"","background-image":"","background-repeat":"repeat","background-position":"center center","background-size":"auto","background-attachment":"scroll","background-type":"","background-media":"","overlay-type":"","overlay-color":"","overlay-opacity":"","overlay-gradient":""}},"ast-content-background-meta":{"desktop":{"background-color":"var(--ast-global-color-5)","background-image":"","background-repeat":"repeat","background-position":"center center","background-size":"auto","background-attachment":"scroll","background-type":"","background-media":"","overlay-type":"","overlay-color":"","overlay-opacity":"","overlay-gradient":""},"tablet":{"background-color":"var(--ast-global-color-5)","background-image":"","background-repeat":"repeat","background-position":"center center","background-size":"auto","background-attachment":"scroll","background-type":"","background-media":"","overlay-type":"","overlay-color":"","overlay-opacity":"","overlay-gradient":""},"mobile":{"background-color":"var(--ast-global-color-5)","background-image":"","background-repeat":"repeat","background-position":"center center","background-size":"auto","background-attachment":"scroll","background-type":"","background-media":"","overlay-type":"","overlay-color":"","overlay-opacity":"","overlay-gradient":""}},"footnotes":""},"class_list":["post-7187","page","type-page","status-publish","hentry"],"yoast_head":"<!-- This site is optimized with the Yoast SEO plugin v25.5 - https:\/\/yoast.com\/wordpress\/plugins\/seo\/ -->\n<title>Semana Mundial do Espa\u00e7o 2024 - RAEGE-Az<\/title>\n<meta name=\"description\" content=\"Semana Mundial do Espa\u00e7o 2024 A Esta\u00e7\u00e3o RAEGE de Santa Maria junta-se \u00e0s celebra\u00e7\u00f5es da Semana Mundial do Espa\u00e7o realizando visitas guiadas \u00e0 esta\u00e7\u00e3o no\" \/>\n<meta name=\"robots\" content=\"index, follow, max-snippet:-1, max-image-preview:large, max-video-preview:-1\" \/>\n<link rel=\"canonical\" href=\"https:\/\/raege-az.pt\/en\/semana-mundial-do-espaco-2024\/\" \/>\n<meta property=\"og:locale\" content=\"en_GB\" \/>\n<meta property=\"og:type\" content=\"article\" \/>\n<meta property=\"og:title\" content=\"Semana Mundial do Espa\u00e7o 2024 - RAEGE-Az\" \/>\n<meta property=\"og:description\" content=\"Semana Mundial do Espa\u00e7o 2024 A Esta\u00e7\u00e3o RAEGE de Santa Maria junta-se \u00e0s celebra\u00e7\u00f5es da Semana Mundial do Espa\u00e7o realizando visitas guiadas \u00e0 esta\u00e7\u00e3o no\" \/>\n<meta property=\"og:url\" content=\"https:\/\/raege-az.pt\/en\/semana-mundial-do-espaco-2024\/\" \/>\n<meta property=\"og:site_name\" content=\"RAEGE-Az\" \/>\n<meta property=\"article:publisher\" content=\"https:\/\/www.facebook.com\/raege.az\" \/>\n<meta property=\"article:modified_time\" content=\"2024-10-02T09:37:27+00:00\" \/>\n<meta property=\"og:image\" content=\"https:\/\/raege-az.pt\/wp-content\/uploads\/2021\/04\/2.png\" \/>\n\t<meta property=\"og:image:width\" content=\"1500\" \/>\n\t<meta property=\"og:image:height\" content=\"1500\" \/>\n\t<meta property=\"og:image:type\" content=\"image\/png\" \/>\n<meta name=\"twitter:card\" content=\"summary_large_image\" \/>\n<meta name=\"twitter:label1\" content=\"Est. reading time\" \/>\n\t<meta name=\"twitter:data1\" content=\"1 minute\" \/>\n<script type=\"application\/ld+json\" class=\"yoast-schema-graph\">{\"@context\":\"https:\/\/schema.org\",\"@graph\":[{\"@type\":\"WebPage\",\"@id\":\"https:\/\/raege-az.pt\/semana-mundial-do-espaco-2024\/\",\"url\":\"https:\/\/raege-az.pt\/semana-mundial-do-espaco-2024\/\",\"name\":\"Semana Mundial do Espa\u00e7o 2024 - RAEGE-Az\",\"isPartOf\":{\"@id\":\"https:\/\/raege-az.pt\/en\/#website\"},\"datePublished\":\"2024-09-25T15:22:43+00:00\",\"dateModified\":\"2024-10-02T09:37:27+00:00\",\"description\":\"Semana Mundial do Espa\u00e7o 2024 A Esta\u00e7\u00e3o RAEGE de Santa Maria junta-se \u00e0s celebra\u00e7\u00f5es da Semana Mundial do Espa\u00e7o realizando visitas guiadas \u00e0 esta\u00e7\u00e3o no\",\"breadcrumb\":{\"@id\":\"https:\/\/raege-az.pt\/semana-mundial-do-espaco-2024\/#breadcrumb\"},\"inLanguage\":\"en-GB\",\"potentialAction\":[{\"@type\":\"ReadAction\",\"target\":[\"https:\/\/raege-az.pt\/semana-mundial-do-espaco-2024\/\"]}]},{\"@type\":\"BreadcrumbList\",\"@id\":\"https:\/\/raege-az.pt\/semana-mundial-do-espaco-2024\/#breadcrumb\",\"itemListElement\":[{\"@type\":\"ListItem\",\"position\":1,\"name\":\"In\u00edcio\",\"item\":\"https:\/\/raege-az.pt\/\"},{\"@type\":\"ListItem\",\"position\":2,\"name\":\"Semana Mundial do Espa\u00e7o 2024\"}]},{\"@type\":\"WebSite\",\"@id\":\"https:\/\/raege-az.pt\/en\/#website\",\"url\":\"https:\/\/raege-az.pt\/en\/\",\"name\":\"RAEGE-Az\",\"description\":\"Associa\u00e7\u00e3o RAEGE A\u00e7ores\",\"publisher\":{\"@id\":\"https:\/\/raege-az.pt\/en\/#organization\"},\"alternateName\":\"RAEGE-Az\",\"potentialAction\":[{\"@type\":\"SearchAction\",\"target\":{\"@type\":\"EntryPoint\",\"urlTemplate\":\"https:\/\/raege-az.pt\/en\/?s={search_term_string}\"},\"query-input\":{\"@type\":\"PropertyValueSpecification\",\"valueRequired\":true,\"valueName\":\"search_term_string\"}}],\"inLanguage\":\"en-GB\"},{\"@type\":\"Organization\",\"@id\":\"https:\/\/raege-az.pt\/en\/#organization\",\"name\":\"RAEGE-Az\",\"url\":\"https:\/\/raege-az.pt\/en\/\",\"logo\":{\"@type\":\"ImageObject\",\"inLanguage\":\"en-GB\",\"@id\":\"https:\/\/raege-az.pt\/en\/#\/schema\/logo\/image\/\",\"url\":\"https:\/\/raege-az.pt\/wp-content\/uploads\/2021\/04\/1-e1618244466611.png\",\"contentUrl\":\"https:\/\/raege-az.pt\/wp-content\/uploads\/2021\/04\/1-e1618244466611.png\",\"width\":1380,\"height\":213,\"caption\":\"RAEGE-Az\"},\"image\":{\"@id\":\"https:\/\/raege-az.pt\/en\/#\/schema\/logo\/image\/\"},\"sameAs\":[\"https:\/\/www.facebook.com\/raege.az\"]}]}<\/script>\n<!-- \/ Yoast SEO plugin. -->","yoast_head_json":{"title":"Semana Mundial do Espa\u00e7o 2024 - RAEGE-Az","description":"Semana Mundial do Espa\u00e7o 2024 A Esta\u00e7\u00e3o RAEGE de Santa Maria junta-se \u00e0s celebra\u00e7\u00f5es da Semana Mundial do Espa\u00e7o realizando visitas guiadas \u00e0 esta\u00e7\u00e3o no","robots":{"index":"index","follow":"follow","max-snippet":"max-snippet:-1","max-image-preview":"max-image-preview:large","max-video-preview":"max-video-preview:-1"},"canonical":"https:\/\/raege-az.pt\/en\/semana-mundial-do-espaco-2024\/","og_locale":"en_GB","og_type":"article","og_title":"Semana Mundial do Espa\u00e7o 2024 - RAEGE-Az","og_description":"Semana Mundial do Espa\u00e7o 2024 A Esta\u00e7\u00e3o RAEGE de Santa Maria junta-se \u00e0s celebra\u00e7\u00f5es da Semana Mundial do Espa\u00e7o realizando visitas guiadas \u00e0 esta\u00e7\u00e3o no","og_url":"https:\/\/raege-az.pt\/en\/semana-mundial-do-espaco-2024\/","og_site_name":"RAEGE-Az","article_publisher":"https:\/\/www.facebook.com\/raege.az","article_modified_time":"2024-10-02T09:37:27+00:00","og_image":[{"width":1500,"height":1500,"url":"https:\/\/raege-az.pt\/wp-content\/uploads\/2021\/04\/2.png","type":"image\/png"}],"twitter_card":"summary_large_image","twitter_misc":{"Est. reading time":"1 minute"},"schema":{"@context":"https:\/\/schema.org","@graph":[{"@type":"WebPage","@id":"https:\/\/raege-az.pt\/semana-mundial-do-espaco-2024\/","url":"https:\/\/raege-az.pt\/semana-mundial-do-espaco-2024\/","name":"Semana Mundial do Espa\u00e7o 2024 - RAEGE-Az","isPartOf":{"@id":"https:\/\/raege-az.pt\/en\/#website"},"datePublished":"2024-09-25T15:22:43+00:00","dateModified":"2024-10-02T09:37:27+00:00","description":"Semana Mundial do Espa\u00e7o 2024 A Esta\u00e7\u00e3o RAEGE de Santa Maria junta-se \u00e0s celebra\u00e7\u00f5es da Semana Mundial do Espa\u00e7o realizando visitas guiadas \u00e0 esta\u00e7\u00e3o no","breadcrumb":{"@id":"https:\/\/raege-az.pt\/semana-mundial-do-espaco-2024\/#breadcrumb"},"inLanguage":"en-GB","potentialAction":[{"@type":"ReadAction","target":["https:\/\/raege-az.pt\/semana-mundial-do-espaco-2024\/"]}]},{"@type":"BreadcrumbList","@id":"https:\/\/raege-az.pt\/semana-mundial-do-espaco-2024\/#breadcrumb","itemListElement":[{"@type":"ListItem","position":1,"name":"In\u00edcio","item":"https:\/\/raege-az.pt\/"},{"@type":"ListItem","position":2,"name":"Semana Mundial do Espa\u00e7o 2024"}]},{"@type":"WebSite","@id":"https:\/\/raege-az.pt\/en\/#website","url":"https:\/\/raege-az.pt\/en\/","name":"RAEGE-Az","description":"Associa\u00e7\u00e3o RAEGE A\u00e7ores","publisher":{"@id":"https:\/\/raege-az.pt\/en\/#organization"},"alternateName":"RAEGE-Az","potentialAction":[{"@type":"SearchAction","target":{"@type":"EntryPoint","urlTemplate":"https:\/\/raege-az.pt\/en\/?s={search_term_string}"},"query-input":{"@type":"PropertyValueSpecification","valueRequired":true,"valueName":"search_term_string"}}],"inLanguage":"en-GB"},{"@type":"Organization","@id":"https:\/\/raege-az.pt\/en\/#organization","name":"RAEGE-Az","url":"https:\/\/raege-az.pt\/en\/","logo":{"@type":"ImageObject","inLanguage":"en-GB","@id":"https:\/\/raege-az.pt\/en\/#\/schema\/logo\/image\/","url":"https:\/\/raege-az.pt\/wp-content\/uploads\/2021\/04\/1-e1618244466611.png","contentUrl":"https:\/\/raege-az.pt\/wp-content\/uploads\/2021\/04\/1-e1618244466611.png","width":1380,"height":213,"caption":"RAEGE-Az"},"image":{"@id":"https:\/\/raege-az.pt\/en\/#\/schema\/logo\/image\/"},"sameAs":["https:\/\/www.facebook.com\/raege.az"]}]}},"_links":{"self":[{"href":"https:\/\/raege-az.pt\/en\/wp-json\/wp\/v2\/pages\/7187","targetHints":{"allow":["GET"]}}],"collection":[{"href":"https:\/\/raege-az.pt\/en\/wp-json\/wp\/v2\/pages"}],"about":[{"href":"https:\/\/raege-az.pt\/en\/wp-json\/wp\/v2\/types\/page"}],"author":[{"embeddable":true,"href":"https:\/\/raege-az.pt\/en\/wp-json\/wp\/v2\/users\/1"}],"replies":[{"embeddable":true,"href":"https:\/\/raege-az.pt\/en\/wp-json\/wp\/v2\/comments?post=7187"}],"version-history":[{"count":0,"href":"https:\/\/raege-az.pt\/en\/wp-json\/wp\/v2\/pages\/7187\/revisions"}],"wp:attachment":[{"href":"https:\/\/raege-az.pt\/en\/wp-json\/wp\/v2\/media?parent=7187"}],"curies":[{"name":"wp","href":"https:\/\/api.w.org\/{rel}","templated":true}]}}