{"id":2282,"date":"2021-06-08T15:57:24","date_gmt":"2021-06-08T15:57:24","guid":{"rendered":"http:\/\/newsite.a-raege-az.pt\/?page_id=2282"},"modified":"2025-07-28T10:08:24","modified_gmt":"2025-07-28T10:08:24","slug":"equipments-flo","status":"publish","type":"page","link":"https:\/\/raege-az.pt\/en\/equipments-flo\/","title":{"rendered":"Equipamentos FLO"},"content":{"rendered":"<div data-elementor-type=\"wp-page\" data-elementor-id=\"2282\" class=\"elementor elementor-2282\">\n\t\t\t\t\t\t<section class=\"elementor-section elementor-top-section elementor-element elementor-element-22c5de3 elementor-section-boxed elementor-section-height-default elementor-section-height-default\" data-id=\"22c5de3\" data-element_type=\"section\" data-settings=\"{&quot;background_background&quot;:&quot;classic&quot;}\">\n\t\t\t\t\t\t\t<div class=\"elementor-background-overlay\"><\/div>\n\t\t\t\t\t\t\t<div class=\"elementor-container elementor-column-gap-no\">\n\t\t\t\t\t<div class=\"elementor-column elementor-col-100 elementor-top-column elementor-element elementor-element-99f89cb\" data-id=\"99f89cb\" data-element_type=\"column\">\n\t\t\t<div class=\"elementor-widget-wrap elementor-element-populated\">\n\t\t\t\t\t\t<div class=\"elementor-element elementor-element-d64bb0d elementor-hidden-desktop elementor-hidden-tablet elementor-hidden-mobile elementor-widget elementor-widget-heading\" data-id=\"d64bb0d\" data-element_type=\"widget\" data-widget_type=\"heading.default\">\n\t\t\t\t<div class=\"elementor-widget-container\">\n\t\t\t\t\t<h1 class=\"elementor-heading-title elementor-size-default\">Equipments <\/h1>\t\t\t\t<\/div>\n\t\t\t\t<\/div>\n\t\t\t\t\t<\/div>\n\t\t<\/div>\n\t\t\t\t\t<\/div>\n\t\t<\/section>\n\t\t\t\t<section class=\"elementor-section elementor-top-section elementor-element elementor-element-32dedf2 elementor-section-full_width elementor-section-height-default elementor-section-height-default\" data-id=\"32dedf2\" data-element_type=\"section\">\n\t\t\t\t\t\t<div class=\"elementor-container elementor-column-gap-default\">\n\t\t\t\t\t<div class=\"elementor-column elementor-col-50 elementor-top-column elementor-element elementor-element-5aa676c elementor-hidden-phone elementor-hidden-tablet\" data-id=\"5aa676c\" data-element_type=\"column\">\n\t\t\t<div class=\"elementor-widget-wrap elementor-element-populated\">\n\t\t\t\t\t\t<div class=\"elementor-element elementor-element-ca5451f elementor-widget elementor-widget-sidebar\" data-id=\"ca5451f\" data-element_type=\"widget\" data-widget_type=\"sidebar.default\">\n\t\t\t\t<div class=\"elementor-widget-container\">\n\t\t\t\t\t<aside id=\"nav_menu-6\" class=\"widget widget_nav_menu\"><\/aside>\t\t\t\t<\/div>\n\t\t\t\t<\/div>\n\t\t\t\t\t<\/div>\n\t\t<\/div>\n\t\t\t\t<div class=\"elementor-column elementor-col-50 elementor-top-column elementor-element elementor-element-e480ab1\" data-id=\"e480ab1\" data-element_type=\"column\">\n\t\t\t<div class=\"elementor-widget-wrap elementor-element-populated\">\n\t\t\t\t\t\t<section class=\"elementor-section elementor-inner-section elementor-element elementor-element-0563bc4 elementor-section-boxed elementor-section-height-default elementor-section-height-default\" data-id=\"0563bc4\" data-element_type=\"section\">\n\t\t\t\t\t\t<div class=\"elementor-container elementor-column-gap-default\">\n\t\t\t\t\t<div class=\"elementor-column elementor-col-100 elementor-inner-column elementor-element elementor-element-27f8cb2\" data-id=\"27f8cb2\" data-element_type=\"column\">\n\t\t\t<div class=\"elementor-widget-wrap elementor-element-populated\">\n\t\t\t\t\t\t<div class=\"elementor-element elementor-element-95882a9 elementor-hidden-phone elementor-widget elementor-widget-menu-anchor\" data-id=\"95882a9\" data-element_type=\"widget\" data-widget_type=\"menu-anchor.default\">\n\t\t\t\t<div class=\"elementor-widget-container\">\n\t\t\t\t\t\t\t<div class=\"elementor-menu-anchor\" id=\"gnss-flo\"><\/div>\n\t\t\t\t\t\t<\/div>\n\t\t\t\t<\/div>\n\t\t\t\t<div class=\"elementor-element elementor-element-5f978d3 elementor-widget elementor-widget-heading\" data-id=\"5f978d3\" data-element_type=\"widget\" data-widget_type=\"heading.default\">\n\t\t\t\t<div class=\"elementor-widget-container\">\n\t\t\t\t\t<h2 class=\"elementor-heading-title elementor-size-default\">GNSS<\/h2>\t\t\t\t<\/div>\n\t\t\t\t<\/div>\n\t\t\t\t<section class=\"elementor-section elementor-inner-section elementor-element elementor-element-9164b58 elementor-section-boxed elementor-section-height-default elementor-section-height-default\" data-id=\"9164b58\" data-element_type=\"section\">\n\t\t\t\t\t\t<div class=\"elementor-container elementor-column-gap-default\">\n\t\t\t\t\t<div class=\"elementor-column elementor-col-50 elementor-inner-column elementor-element elementor-element-1eb70da\" data-id=\"1eb70da\" data-element_type=\"column\">\n\t\t\t<div class=\"elementor-widget-wrap elementor-element-populated\">\n\t\t\t\t\t\t<div class=\"elementor-element elementor-element-0f87ab0 elementor-widget elementor-widget-text-editor\" data-id=\"0f87ab0\" data-element_type=\"widget\" data-widget_type=\"text-editor.default\">\n\t\t\t\t<div class=\"elementor-widget-container\">\n\t\t\t\t\t\t\t\t\t<p style=\"font-size: 15px; font-style: normal; font-weight: 400;\">CAPTION SOON<\/p>\t\t\t\t\t\t\t\t<\/div>\n\t\t\t\t<\/div>\n\t\t\t\t\t<\/div>\n\t\t<\/div>\n\t\t\t\t<div class=\"elementor-column elementor-col-50 elementor-inner-column elementor-element elementor-element-8b5d933\" data-id=\"8b5d933\" data-element_type=\"column\">\n\t\t\t<div class=\"elementor-widget-wrap elementor-element-populated\">\n\t\t\t\t\t\t<div class=\"elementor-element elementor-element-1ec7bf3 elementor-widget elementor-widget-image\" data-id=\"1ec7bf3\" data-element_type=\"widget\" data-widget_type=\"image.default\">\n\t\t\t\t<div class=\"elementor-widget-container\">\n\t\t\t\t\t\t\t\t\t\t\t\t\t\t\t<img fetchpriority=\"high\" decoding=\"async\" width=\"768\" height=\"1365\" src=\"https:\/\/raege-az.pt\/wp-content\/uploads\/2021\/06\/20210308_170718-768x1365.jpg\" class=\"attachment-medium_large size-medium_large wp-image-2290\" alt=\"\" srcset=\"https:\/\/raege-az.pt\/wp-content\/uploads\/2021\/06\/20210308_170718-768x1365.jpg 768w, https:\/\/raege-az.pt\/wp-content\/uploads\/2021\/06\/20210308_170718-169x300.jpg 169w, https:\/\/raege-az.pt\/wp-content\/uploads\/2021\/06\/20210308_170718-576x1024.jpg 576w, https:\/\/raege-az.pt\/wp-content\/uploads\/2021\/06\/20210308_170718-864x1536.jpg 864w, https:\/\/raege-az.pt\/wp-content\/uploads\/2021\/06\/20210308_170718-1152x2048.jpg 1152w, https:\/\/raege-az.pt\/wp-content\/uploads\/2021\/06\/20210308_170718-scaled.jpg 1440w\" sizes=\"(max-width: 768px) 100vw, 768px\" \/>\t\t\t\t\t\t\t\t\t\t\t\t\t\t\t<\/div>\n\t\t\t\t<\/div>\n\t\t\t\t\t<\/div>\n\t\t<\/div>\n\t\t\t\t\t<\/div>\n\t\t<\/section>\n\t\t\t\t<div class=\"elementor-element elementor-element-e349e83 elementor-hidden-phone elementor-widget elementor-widget-menu-anchor\" data-id=\"e349e83\" data-element_type=\"widget\" data-widget_type=\"menu-anchor.default\">\n\t\t\t\t<div class=\"elementor-widget-container\">\n\t\t\t\t\t\t\t<div class=\"elementor-menu-anchor\" id=\"meteo-flo\"><\/div>\n\t\t\t\t\t\t<\/div>\n\t\t\t\t<\/div>\n\t\t\t\t<div class=\"elementor-element elementor-element-afcf396 elementor-widget elementor-widget-heading\" data-id=\"afcf396\" data-element_type=\"widget\" data-widget_type=\"heading.default\">\n\t\t\t\t<div class=\"elementor-widget-container\">\n\t\t\t\t\t<h2 class=\"elementor-heading-title elementor-size-default\">Weather Station<\/h2>\t\t\t\t<\/div>\n\t\t\t\t<\/div>\n\t\t\t\t\t<\/div>\n\t\t<\/div>\n\t\t\t\t\t<\/div>\n\t\t<\/section>\n\t\t\t\t<section class=\"elementor-section elementor-inner-section elementor-element elementor-element-77e0283 elementor-section-boxed elementor-section-height-default elementor-section-height-default\" data-id=\"77e0283\" data-element_type=\"section\">\n\t\t\t\t\t\t<div class=\"elementor-container elementor-column-gap-default\">\n\t\t\t\t\t<div class=\"elementor-column elementor-col-100 elementor-inner-column elementor-element elementor-element-886c0af\" data-id=\"886c0af\" data-element_type=\"column\">\n\t\t\t<div class=\"elementor-widget-wrap elementor-element-populated\">\n\t\t\t\t\t\t<section class=\"elementor-section elementor-inner-section elementor-element elementor-element-be8f3f6 elementor-section-boxed elementor-section-height-default elementor-section-height-default\" data-id=\"be8f3f6\" data-element_type=\"section\">\n\t\t\t\t\t\t<div class=\"elementor-container elementor-column-gap-default\">\n\t\t\t\t\t<div class=\"elementor-column elementor-col-50 elementor-inner-column elementor-element elementor-element-9efac59\" data-id=\"9efac59\" data-element_type=\"column\">\n\t\t\t<div class=\"elementor-widget-wrap elementor-element-populated\">\n\t\t\t\t\t\t<div class=\"elementor-element elementor-element-63c7c88 elementor-widget elementor-widget-text-editor\" data-id=\"63c7c88\" data-element_type=\"widget\" data-widget_type=\"text-editor.default\">\n\t\t\t\t<div class=\"elementor-widget-container\">\n\t\t\t\t\t\t\t\t\t<p>CAPTION SOON<\/p>\t\t\t\t\t\t\t\t<\/div>\n\t\t\t\t<\/div>\n\t\t\t\t\t<\/div>\n\t\t<\/div>\n\t\t\t\t<div class=\"elementor-column elementor-col-50 elementor-inner-column elementor-element elementor-element-ff75d60\" data-id=\"ff75d60\" data-element_type=\"column\">\n\t\t\t<div class=\"elementor-widget-wrap elementor-element-populated\">\n\t\t\t\t\t\t<div class=\"elementor-element elementor-element-d7b8d49 elementor-widget elementor-widget-image\" data-id=\"d7b8d49\" data-element_type=\"widget\" data-widget_type=\"image.default\">\n\t\t\t\t<div class=\"elementor-widget-container\">\n\t\t\t\t\t\t\t\t\t\t\t\t\t\t\t<img decoding=\"async\" width=\"768\" height=\"1705\" src=\"https:\/\/raege-az.pt\/wp-content\/uploads\/2021\/06\/flores1-768x1705.jpg\" class=\"attachment-medium_large size-medium_large wp-image-2291\" alt=\"\" srcset=\"https:\/\/raege-az.pt\/wp-content\/uploads\/2021\/06\/flores1-768x1705.jpg 768w, https:\/\/raege-az.pt\/wp-content\/uploads\/2021\/06\/flores1-135x300.jpg 135w, https:\/\/raege-az.pt\/wp-content\/uploads\/2021\/06\/flores1-461x1024.jpg 461w, https:\/\/raege-az.pt\/wp-content\/uploads\/2021\/06\/flores1-692x1536.jpg 692w, https:\/\/raege-az.pt\/wp-content\/uploads\/2021\/06\/flores1-922x2048.jpg 922w, https:\/\/raege-az.pt\/wp-content\/uploads\/2021\/06\/flores1-scaled.jpg 1153w\" sizes=\"(max-width: 768px) 100vw, 768px\" \/>\t\t\t\t\t\t\t\t\t\t\t\t\t\t\t<\/div>\n\t\t\t\t<\/div>\n\t\t\t\t\t<\/div>\n\t\t<\/div>\n\t\t\t\t\t<\/div>\n\t\t<\/section>\n\t\t\t\t\t<\/div>\n\t\t<\/div>\n\t\t\t\t\t<\/div>\n\t\t<\/section>\n\t\t\t\t\t<\/div>\n\t\t<\/div>\n\t\t\t\t\t<\/div>\n\t\t<\/section>\n\t\t\t\t<\/div>","protected":false},"excerpt":{"rendered":"<p>Equipamentos GNSS DESCRI\u00c7\u00c3O EM BREVE. Esta\u00e7\u00e3o Metereol\u00f3gica DESCRI\u00c7\u00c3O EM BREVE.<\/p>","protected":false},"author":1,"featured_media":0,"parent":0,"menu_order":0,"comment_status":"closed","ping_status":"closed","template":"","meta":{"site-sidebar-layout":"no-sidebar","site-content-layout":"page-builder","ast-site-content-layout":"","site-content-style":"default","site-sidebar-style":"default","ast-global-header-display":"","ast-banner-title-visibility":"","ast-main-header-display":"","ast-hfb-above-header-display":"","ast-hfb-below-header-display":"","ast-hfb-mobile-header-display":"","site-post-title":"disabled","ast-breadcrumbs-content":"","ast-featured-img":"disabled","footer-sml-layout":"","theme-transparent-header-meta":"default","adv-header-id-meta":"","stick-header-meta":"","header-above-stick-meta":"","header-main-stick-meta":"","header-below-stick-meta":"","astra-migrate-meta-layouts":"default","ast-page-background-enabled":"default","ast-page-background-meta":{"desktop":{"background-color":"","background-image":"","background-repeat":"repeat","background-position":"center center","background-size":"auto","background-attachment":"scroll","background-type":"","background-media":"","overlay-type":"","overlay-color":"","overlay-opacity":"","overlay-gradient":""},"tablet":{"background-color":"","background-image":"","background-repeat":"repeat","background-position":"center center","background-size":"auto","background-attachment":"scroll","background-type":"","background-media":"","overlay-type":"","overlay-color":"","overlay-opacity":"","overlay-gradient":""},"mobile":{"background-color":"","background-image":"","background-repeat":"repeat","background-position":"center center","background-size":"auto","background-attachment":"scroll","background-type":"","background-media":"","overlay-type":"","overlay-color":"","overlay-opacity":"","overlay-gradient":""}},"ast-content-background-meta":{"desktop":{"background-color":"var(--ast-global-color-5)","background-image":"","background-repeat":"repeat","background-position":"center center","background-size":"auto","background-attachment":"scroll","background-type":"","background-media":"","overlay-type":"","overlay-color":"","overlay-opacity":"","overlay-gradient":""},"tablet":{"background-color":"var(--ast-global-color-5)","background-image":"","background-repeat":"repeat","background-position":"center center","background-size":"auto","background-attachment":"scroll","background-type":"","background-media":"","overlay-type":"","overlay-color":"","overlay-opacity":"","overlay-gradient":""},"mobile":{"background-color":"var(--ast-global-color-5)","background-image":"","background-repeat":"repeat","background-position":"center center","background-size":"auto","background-attachment":"scroll","background-type":"","background-media":"","overlay-type":"","overlay-color":"","overlay-opacity":"","overlay-gradient":""}},"footnotes":""},"class_list":["post-2282","page","type-page","status-publish","hentry"],"yoast_head":"<!-- This site is optimized with the Yoast SEO plugin v25.5 - https:\/\/yoast.com\/wordpress\/plugins\/seo\/ -->\n<title>Equipamentos FLO - RAEGE-Az<\/title>\n<meta name=\"robots\" content=\"index, follow, max-snippet:-1, max-image-preview:large, max-video-preview:-1\" \/>\n<link rel=\"canonical\" href=\"https:\/\/raege-az.pt\/en\/equipments-flo\/\" \/>\n<meta property=\"og:locale\" content=\"en_GB\" \/>\n<meta property=\"og:type\" content=\"article\" \/>\n<meta property=\"og:title\" content=\"Equipamentos FLO - RAEGE-Az\" \/>\n<meta property=\"og:description\" content=\"Equipamentos GNSS DESCRI\u00c7\u00c3O EM BREVE. Esta\u00e7\u00e3o Metereol\u00f3gica DESCRI\u00c7\u00c3O EM BREVE.\" \/>\n<meta property=\"og:url\" content=\"https:\/\/raege-az.pt\/en\/equipments-flo\/\" \/>\n<meta property=\"og:site_name\" content=\"RAEGE-Az\" \/>\n<meta property=\"article:publisher\" content=\"https:\/\/www.facebook.com\/raege.az\" \/>\n<meta property=\"article:modified_time\" content=\"2025-07-28T10:08:24+00:00\" \/>\n<meta property=\"og:image\" content=\"https:\/\/raege-az.pt\/wp-content\/uploads\/2021\/06\/20210308_170718-scaled.jpg\" \/>\n\t<meta property=\"og:image:width\" content=\"1440\" \/>\n\t<meta property=\"og:image:height\" content=\"2560\" \/>\n\t<meta property=\"og:image:type\" content=\"image\/jpeg\" \/>\n<meta name=\"twitter:card\" content=\"summary_large_image\" \/>\n<meta name=\"twitter:label1\" content=\"Est. reading time\" \/>\n\t<meta name=\"twitter:data1\" content=\"1 minute\" \/>\n<script type=\"application\/ld+json\" class=\"yoast-schema-graph\">{\"@context\":\"https:\/\/schema.org\",\"@graph\":[{\"@type\":\"WebPage\",\"@id\":\"https:\/\/raege-az.pt\/equipments-flo\/\",\"url\":\"https:\/\/raege-az.pt\/equipments-flo\/\",\"name\":\"Equipamentos FLO - RAEGE-Az\",\"isPartOf\":{\"@id\":\"https:\/\/raege-az.pt\/en\/#website\"},\"primaryImageOfPage\":{\"@id\":\"https:\/\/raege-az.pt\/equipments-flo\/#primaryimage\"},\"image\":{\"@id\":\"https:\/\/raege-az.pt\/equipments-flo\/#primaryimage\"},\"thumbnailUrl\":\"https:\/\/raege-az.pt\/wp-content\/uploads\/2021\/06\/20210308_170718-768x1365.jpg\",\"datePublished\":\"2021-06-08T15:57:24+00:00\",\"dateModified\":\"2025-07-28T10:08:24+00:00\",\"breadcrumb\":{\"@id\":\"https:\/\/raege-az.pt\/equipments-flo\/#breadcrumb\"},\"inLanguage\":\"en-GB\",\"potentialAction\":[{\"@type\":\"ReadAction\",\"target\":[\"https:\/\/raege-az.pt\/equipments-flo\/\"]}]},{\"@type\":\"ImageObject\",\"inLanguage\":\"en-GB\",\"@id\":\"https:\/\/raege-az.pt\/equipments-flo\/#primaryimage\",\"url\":\"https:\/\/raege-az.pt\/wp-content\/uploads\/2021\/06\/20210308_170718-768x1365.jpg\",\"contentUrl\":\"https:\/\/raege-az.pt\/wp-content\/uploads\/2021\/06\/20210308_170718-768x1365.jpg\"},{\"@type\":\"BreadcrumbList\",\"@id\":\"https:\/\/raege-az.pt\/equipments-flo\/#breadcrumb\",\"itemListElement\":[{\"@type\":\"ListItem\",\"position\":1,\"name\":\"In\u00edcio\",\"item\":\"https:\/\/raege-az.pt\/\"},{\"@type\":\"ListItem\",\"position\":2,\"name\":\"Equipamentos FLO\"}]},{\"@type\":\"WebSite\",\"@id\":\"https:\/\/raege-az.pt\/en\/#website\",\"url\":\"https:\/\/raege-az.pt\/en\/\",\"name\":\"RAEGE-Az\",\"description\":\"Associa\u00e7\u00e3o RAEGE A\u00e7ores\",\"publisher\":{\"@id\":\"https:\/\/raege-az.pt\/en\/#organization\"},\"alternateName\":\"RAEGE-Az\",\"potentialAction\":[{\"@type\":\"SearchAction\",\"target\":{\"@type\":\"EntryPoint\",\"urlTemplate\":\"https:\/\/raege-az.pt\/en\/?s={search_term_string}\"},\"query-input\":{\"@type\":\"PropertyValueSpecification\",\"valueRequired\":true,\"valueName\":\"search_term_string\"}}],\"inLanguage\":\"en-GB\"},{\"@type\":\"Organization\",\"@id\":\"https:\/\/raege-az.pt\/en\/#organization\",\"name\":\"RAEGE-Az\",\"url\":\"https:\/\/raege-az.pt\/en\/\",\"logo\":{\"@type\":\"ImageObject\",\"inLanguage\":\"en-GB\",\"@id\":\"https:\/\/raege-az.pt\/en\/#\/schema\/logo\/image\/\",\"url\":\"https:\/\/raege-az.pt\/wp-content\/uploads\/2021\/04\/1-e1618244466611.png\",\"contentUrl\":\"https:\/\/raege-az.pt\/wp-content\/uploads\/2021\/04\/1-e1618244466611.png\",\"width\":1380,\"height\":213,\"caption\":\"RAEGE-Az\"},\"image\":{\"@id\":\"https:\/\/raege-az.pt\/en\/#\/schema\/logo\/image\/\"},\"sameAs\":[\"https:\/\/www.facebook.com\/raege.az\"]}]}<\/script>\n<!-- \/ Yoast SEO plugin. -->","yoast_head_json":{"title":"Equipamentos FLO - RAEGE-Az","robots":{"index":"index","follow":"follow","max-snippet":"max-snippet:-1","max-image-preview":"max-image-preview:large","max-video-preview":"max-video-preview:-1"},"canonical":"https:\/\/raege-az.pt\/en\/equipments-flo\/","og_locale":"en_GB","og_type":"article","og_title":"Equipamentos FLO - RAEGE-Az","og_description":"Equipamentos GNSS DESCRI\u00c7\u00c3O EM BREVE. Esta\u00e7\u00e3o Metereol\u00f3gica DESCRI\u00c7\u00c3O EM BREVE.","og_url":"https:\/\/raege-az.pt\/en\/equipments-flo\/","og_site_name":"RAEGE-Az","article_publisher":"https:\/\/www.facebook.com\/raege.az","article_modified_time":"2025-07-28T10:08:24+00:00","og_image":[{"width":1440,"height":2560,"url":"https:\/\/raege-az.pt\/wp-content\/uploads\/2021\/06\/20210308_170718-scaled.jpg","type":"image\/jpeg"}],"twitter_card":"summary_large_image","twitter_misc":{"Est. reading time":"1 minute"},"schema":{"@context":"https:\/\/schema.org","@graph":[{"@type":"WebPage","@id":"https:\/\/raege-az.pt\/equipments-flo\/","url":"https:\/\/raege-az.pt\/equipments-flo\/","name":"Equipamentos FLO - RAEGE-Az","isPartOf":{"@id":"https:\/\/raege-az.pt\/en\/#website"},"primaryImageOfPage":{"@id":"https:\/\/raege-az.pt\/equipments-flo\/#primaryimage"},"image":{"@id":"https:\/\/raege-az.pt\/equipments-flo\/#primaryimage"},"thumbnailUrl":"https:\/\/raege-az.pt\/wp-content\/uploads\/2021\/06\/20210308_170718-768x1365.jpg","datePublished":"2021-06-08T15:57:24+00:00","dateModified":"2025-07-28T10:08:24+00:00","breadcrumb":{"@id":"https:\/\/raege-az.pt\/equipments-flo\/#breadcrumb"},"inLanguage":"en-GB","potentialAction":[{"@type":"ReadAction","target":["https:\/\/raege-az.pt\/equipments-flo\/"]}]},{"@type":"ImageObject","inLanguage":"en-GB","@id":"https:\/\/raege-az.pt\/equipments-flo\/#primaryimage","url":"https:\/\/raege-az.pt\/wp-content\/uploads\/2021\/06\/20210308_170718-768x1365.jpg","contentUrl":"https:\/\/raege-az.pt\/wp-content\/uploads\/2021\/06\/20210308_170718-768x1365.jpg"},{"@type":"BreadcrumbList","@id":"https:\/\/raege-az.pt\/equipments-flo\/#breadcrumb","itemListElement":[{"@type":"ListItem","position":1,"name":"In\u00edcio","item":"https:\/\/raege-az.pt\/"},{"@type":"ListItem","position":2,"name":"Equipamentos FLO"}]},{"@type":"WebSite","@id":"https:\/\/raege-az.pt\/en\/#website","url":"https:\/\/raege-az.pt\/en\/","name":"RAEGE-Az","description":"Associa\u00e7\u00e3o RAEGE A\u00e7ores","publisher":{"@id":"https:\/\/raege-az.pt\/en\/#organization"},"alternateName":"RAEGE-Az","potentialAction":[{"@type":"SearchAction","target":{"@type":"EntryPoint","urlTemplate":"https:\/\/raege-az.pt\/en\/?s={search_term_string}"},"query-input":{"@type":"PropertyValueSpecification","valueRequired":true,"valueName":"search_term_string"}}],"inLanguage":"en-GB"},{"@type":"Organization","@id":"https:\/\/raege-az.pt\/en\/#organization","name":"RAEGE-Az","url":"https:\/\/raege-az.pt\/en\/","logo":{"@type":"ImageObject","inLanguage":"en-GB","@id":"https:\/\/raege-az.pt\/en\/#\/schema\/logo\/image\/","url":"https:\/\/raege-az.pt\/wp-content\/uploads\/2021\/04\/1-e1618244466611.png","contentUrl":"https:\/\/raege-az.pt\/wp-content\/uploads\/2021\/04\/1-e1618244466611.png","width":1380,"height":213,"caption":"RAEGE-Az"},"image":{"@id":"https:\/\/raege-az.pt\/en\/#\/schema\/logo\/image\/"},"sameAs":["https:\/\/www.facebook.com\/raege.az"]}]}},"_links":{"self":[{"href":"https:\/\/raege-az.pt\/en\/wp-json\/wp\/v2\/pages\/2282","targetHints":{"allow":["GET"]}}],"collection":[{"href":"https:\/\/raege-az.pt\/en\/wp-json\/wp\/v2\/pages"}],"about":[{"href":"https:\/\/raege-az.pt\/en\/wp-json\/wp\/v2\/types\/page"}],"author":[{"embeddable":true,"href":"https:\/\/raege-az.pt\/en\/wp-json\/wp\/v2\/users\/1"}],"replies":[{"embeddable":true,"href":"https:\/\/raege-az.pt\/en\/wp-json\/wp\/v2\/comments?post=2282"}],"version-history":[{"count":0,"href":"https:\/\/raege-az.pt\/en\/wp-json\/wp\/v2\/pages\/2282\/revisions"}],"wp:attachment":[{"href":"https:\/\/raege-az.pt\/en\/wp-json\/wp\/v2\/media?parent=2282"}],"curies":[{"name":"wp","href":"https:\/\/api.w.org\/{rel}","templated":true}]}}