{"id":1647,"date":"2021-05-13T10:08:02","date_gmt":"2021-05-13T10:08:02","guid":{"rendered":"http:\/\/newsite.a-raege-az.pt\/?page_id=1647"},"modified":"2025-07-28T14:34:39","modified_gmt":"2025-07-28T14:34:39","slug":"network","status":"publish","type":"page","link":"https:\/\/raege-az.pt\/en\/network\/","title":{"rendered":"RAEGE Network"},"content":{"rendered":"<div data-elementor-type=\"wp-page\" data-elementor-id=\"1647\" class=\"elementor elementor-1647\">\n\t\t\t\t\t\t<section class=\"elementor-section elementor-top-section elementor-element elementor-element-22c5de3 elementor-section-boxed elementor-section-height-default elementor-section-height-default\" data-id=\"22c5de3\" data-element_type=\"section\" data-settings=\"{&quot;background_background&quot;:&quot;classic&quot;}\">\n\t\t\t\t\t\t\t<div class=\"elementor-background-overlay\"><\/div>\n\t\t\t\t\t\t\t<div class=\"elementor-container elementor-column-gap-no\">\n\t\t\t\t\t<div class=\"elementor-column elementor-col-100 elementor-top-column elementor-element elementor-element-ce45840\" data-id=\"ce45840\" data-element_type=\"column\">\n\t\t\t<div class=\"elementor-widget-wrap\">\n\t\t\t\t\t\t\t<\/div>\n\t\t<\/div>\n\t\t\t\t\t<\/div>\n\t\t<\/section>\n\t\t\t\t<section class=\"elementor-section elementor-top-section elementor-element elementor-element-cdc7f47 elementor-section-boxed elementor-section-height-default elementor-section-height-default\" data-id=\"cdc7f47\" data-element_type=\"section\" data-settings=\"{&quot;background_background&quot;:&quot;classic&quot;}\">\n\t\t\t\t\t\t<div class=\"elementor-container elementor-column-gap-no\">\n\t\t\t\t\t<div class=\"elementor-column elementor-col-100 elementor-top-column elementor-element elementor-element-aba46b9\" data-id=\"aba46b9\" data-element_type=\"column\">\n\t\t\t<div class=\"elementor-widget-wrap elementor-element-populated\">\n\t\t\t\t\t\t<div class=\"elementor-element elementor-element-8ecad5d elementor-widget elementor-widget-heading\" data-id=\"8ecad5d\" data-element_type=\"widget\" data-widget_type=\"heading.default\">\n\t\t\t\t<div class=\"elementor-widget-container\">\n\t\t\t\t\t<h2 class=\"elementor-heading-title elementor-size-default\">RAEGE Network<\/h2>\t\t\t\t<\/div>\n\t\t\t\t<\/div>\n\t\t\t\t<section class=\"elementor-section elementor-inner-section elementor-element elementor-element-13b95eb elementor-section-boxed elementor-section-height-default elementor-section-height-default\" data-id=\"13b95eb\" data-element_type=\"section\" data-settings=\"{&quot;background_background&quot;:&quot;classic&quot;}\">\n\t\t\t\t\t\t\t<div class=\"elementor-background-overlay\"><\/div>\n\t\t\t\t\t\t\t<div class=\"elementor-container elementor-column-gap-no\">\n\t\t\t\t\t<div class=\"elementor-column elementor-col-100 elementor-inner-column elementor-element elementor-element-caa2f79\" data-id=\"caa2f79\" data-element_type=\"column\" data-settings=\"{&quot;background_background&quot;:&quot;slideshow&quot;,&quot;background_slideshow_gallery&quot;:[],&quot;background_slideshow_loop&quot;:&quot;yes&quot;,&quot;background_slideshow_slide_duration&quot;:5000,&quot;background_slideshow_slide_transition&quot;:&quot;fade&quot;,&quot;background_slideshow_transition_duration&quot;:500}\">\n\t\t\t<div class=\"elementor-widget-wrap elementor-element-populated\">\n\t\t\t\t\t\t<div class=\"elementor-element elementor-element-3566e38 elementor-widget elementor-widget-text-editor\" data-id=\"3566e38\" data-element_type=\"widget\" data-widget_type=\"text-editor.default\">\n\t\t\t\t<div class=\"elementor-widget-container\">\n\t\t\t\t\t\t\t\t\t<p>Designada por Rede Atl\u00e2ntica de Esta\u00e7\u00f5es Geodin\u00e2micas e Espaciais, o projeto RAEGE come\u00e7ou em 2010 com a assinatura de um memorando de entendimento entre o Governo de Espanha e o Governo dos A\u00e7ores, para a constru\u00e7\u00e3o, instala\u00e7\u00e3o e explora\u00e7\u00e3o de quatro Esta\u00e7\u00f5es Geod\u00e9sicas Fundamentais: duas em Espanha (Yebes e Gran Can\u00e1ria) e duas nos A\u00e7ores (Santa Maria e Flores).<\/p>\t\t\t\t\t\t\t\t<\/div>\n\t\t\t\t<\/div>\n\t\t\t\t<div class=\"elementor-element elementor-element-2d0065b elementor-widget elementor-widget-image\" data-id=\"2d0065b\" data-element_type=\"widget\" data-widget_type=\"image.default\">\n\t\t\t\t<div class=\"elementor-widget-container\">\n\t\t\t\t\t\t\t\t\t\t\t\t<figure class=\"wp-caption\">\n\t\t\t\t\t\t\t\t\t\t<img fetchpriority=\"high\" decoding=\"async\" width=\"1536\" height=\"833\" src=\"https:\/\/raege-az.pt\/wp-content\/uploads\/2025\/07\/RAEGE_TRIANGLE-1536x833.png\" class=\"attachment-1536x1536 size-1536x1536 wp-image-7608\" alt=\"\" srcset=\"https:\/\/raege-az.pt\/wp-content\/uploads\/2025\/07\/RAEGE_TRIANGLE-1536x833.png 1536w, https:\/\/raege-az.pt\/wp-content\/uploads\/2025\/07\/RAEGE_TRIANGLE-300x163.png 300w, https:\/\/raege-az.pt\/wp-content\/uploads\/2025\/07\/RAEGE_TRIANGLE-1024x555.png 1024w, https:\/\/raege-az.pt\/wp-content\/uploads\/2025\/07\/RAEGE_TRIANGLE-768x416.png 768w, https:\/\/raege-az.pt\/wp-content\/uploads\/2025\/07\/RAEGE_TRIANGLE-2048x1110.png 2048w, https:\/\/raege-az.pt\/wp-content\/uploads\/2025\/07\/RAEGE_TRIANGLE-18x10.png 18w, https:\/\/raege-az.pt\/wp-content\/uploads\/2025\/07\/RAEGE_TRIANGLE-24x13.png 24w, https:\/\/raege-az.pt\/wp-content\/uploads\/2025\/07\/RAEGE_TRIANGLE-36x20.png 36w, https:\/\/raege-az.pt\/wp-content\/uploads\/2025\/07\/RAEGE_TRIANGLE-48x26.png 48w\" sizes=\"(max-width: 1536px) 100vw, 1536px\" \/>\t\t\t\t\t\t\t\t\t\t\t<figcaption class=\"widget-image-caption wp-caption-text\"><\/figcaption>\n\t\t\t\t\t\t\t\t\t\t<\/figure>\n\t\t\t\t\t\t\t\t\t<\/div>\n\t\t\t\t<\/div>\n\t\t\t\t\t<\/div>\n\t\t<\/div>\n\t\t\t\t\t<\/div>\n\t\t<\/section>\n\t\t\t\t<section class=\"elementor-section elementor-inner-section elementor-element elementor-element-93f6699 elementor-section-boxed elementor-section-height-default elementor-section-height-default\" data-id=\"93f6699\" data-element_type=\"section\">\n\t\t\t\t\t\t<div class=\"elementor-container elementor-column-gap-default\">\n\t\t\t\t\t<div class=\"elementor-column elementor-col-50 elementor-inner-column elementor-element elementor-element-a473671\" data-id=\"a473671\" data-element_type=\"column\">\n\t\t\t<div class=\"elementor-widget-wrap elementor-element-populated\">\n\t\t\t\t\t\t<div class=\"elementor-element elementor-element-167ab5f elementor-widget elementor-widget-image\" data-id=\"167ab5f\" data-element_type=\"widget\" data-widget_type=\"image.default\">\n\t\t\t\t<div class=\"elementor-widget-container\">\n\t\t\t\t\t\t\t\t\t\t\t\t<figure class=\"wp-caption\">\n\t\t\t\t\t\t\t\t\t\t<img decoding=\"async\" width=\"931\" height=\"621\" src=\"https:\/\/raege-az.pt\/wp-content\/uploads\/2021\/11\/raege-yebes-3.jpg\" class=\"attachment-large size-large wp-image-3697\" alt=\"\" srcset=\"https:\/\/raege-az.pt\/wp-content\/uploads\/2021\/11\/raege-yebes-3.jpg 931w, https:\/\/raege-az.pt\/wp-content\/uploads\/2021\/11\/raege-yebes-3-300x200.jpg 300w, https:\/\/raege-az.pt\/wp-content\/uploads\/2021\/11\/raege-yebes-3-768x512.jpg 768w, https:\/\/raege-az.pt\/wp-content\/uploads\/2021\/11\/raege-yebes-3-18x12.jpg 18w, https:\/\/raege-az.pt\/wp-content\/uploads\/2021\/11\/raege-yebes-3-24x16.jpg 24w, https:\/\/raege-az.pt\/wp-content\/uploads\/2021\/11\/raege-yebes-3-36x24.jpg 36w, https:\/\/raege-az.pt\/wp-content\/uploads\/2021\/11\/raege-yebes-3-48x32.jpg 48w\" sizes=\"(max-width: 931px) 100vw, 931px\" \/>\t\t\t\t\t\t\t\t\t\t\t<figcaption class=\"widget-image-caption wp-caption-text\">Credits: Observat\u00f3rio de Yebes (IGN)<\/figcaption>\n\t\t\t\t\t\t\t\t\t\t<\/figure>\n\t\t\t\t\t\t\t\t\t<\/div>\n\t\t\t\t<\/div>\n\t\t\t\t\t<\/div>\n\t\t<\/div>\n\t\t\t\t<div class=\"elementor-column elementor-col-50 elementor-inner-column elementor-element elementor-element-4dc364f\" data-id=\"4dc364f\" data-element_type=\"column\">\n\t\t\t<div class=\"elementor-widget-wrap elementor-element-populated\">\n\t\t\t\t\t\t<div class=\"elementor-element elementor-element-e7754f0 elementor-widget__width-initial elementor-widget elementor-widget-text-editor\" data-id=\"e7754f0\" data-element_type=\"widget\" data-widget_type=\"text-editor.default\">\n\t\t\t\t<div class=\"elementor-widget-container\">\n\t\t\t\t\t\t\t\t\t<p>All this equipment provides a geodetic infrastructure necessary for monitoring the Earth\u2019s surface capable of providing high-precision data to the scientific community, allowing the quantification of changes in space and time of our planet. The observations make it possible to map and monitor changes in Earth\u2019s shape, rotation, and mass distribution, contributing to the updating of the international terrestrial references (ITRF) and thus being able to study relevant issues such as those who are associated with climate change, estimates the average variation of sea level, etc.<\/p><p>RAEGE stations are also strategically located on different tectonic plates: the Eurasian plate (Yebes, Spain), the North plate (Flores, Azores), the African plate (Gran Canaria, Spain), and on the micro-plate, the triple junction of Azores (Santa Maria, Azores).<\/p>\t\t\t\t\t\t\t\t<\/div>\n\t\t\t\t<\/div>\n\t\t\t\t\t<\/div>\n\t\t<\/div>\n\t\t\t\t\t<\/div>\n\t\t<\/section>\n\t\t\t\t<div class=\"elementor-element elementor-element-10ea0bd elementor-widget elementor-widget-text-editor\" data-id=\"10ea0bd\" data-element_type=\"widget\" data-widget_type=\"text-editor.default\">\n\t\t\t\t<div class=\"elementor-widget-container\">\n\t\t\t\t\t\t\t\t\t<p>RAEGE contributes to the GGOS (Global Geodetic Observing System) of the International Geodetic Association (IGA) through several international networks where it is inserted. The main objective of GGOS is the updating, expansion, and maintenance of a global network of Fundamental Geodetic Stations, which provide data to a better understanding of the dynamics of the Earth\u2019s environment and the consequences of climate changes on our planet for decision making regarding the long-term social impact.<\/p><p><strong>RAEGE\u2019s strategic objectives are:<\/strong><\/p><ol><li>Full integration of RAEGE radiotelescopes into VGOS network;<\/li><li>Conclusion of four GGOS Stations;<\/li><li>Enhancement, integration, and increment of activities in partnership with other scientific entities such as universities, science centres, collaborative laboratories, and\/or science networks.<\/li><\/ol>\t\t\t\t\t\t\t\t<\/div>\n\t\t\t\t<\/div>\n\t\t\t\t<div class=\"elementor-element elementor-element-b79be0e elementor-widget elementor-widget-heading\" data-id=\"b79be0e\" data-element_type=\"widget\" data-widget_type=\"heading.default\">\n\t\t\t\t<div class=\"elementor-widget-container\">\n\t\t\t\t\t<h2 class=\"elementor-heading-title elementor-size-default\">Find out more at:<\/h2>\t\t\t\t<\/div>\n\t\t\t\t<\/div>\n\t\t\t\t<div class=\"elementor-element elementor-element-9527080 elementor-align-center elementor-widget elementor-widget-button\" data-id=\"9527080\" data-element_type=\"widget\" data-widget_type=\"button.default\">\n\t\t\t\t<div class=\"elementor-widget-container\">\n\t\t\t\t\t\t\t\t\t<div class=\"elementor-button-wrapper\">\n\t\t\t\t\t<a class=\"elementor-button elementor-button-link elementor-size-lg\" href=\"https:\/\/www.raege.eu\/\">\n\t\t\t\t\t\t<span class=\"elementor-button-content-wrapper\">\n\t\t\t\t\t\t\t\t\t<span class=\"elementor-button-text\">www.raege.eu<\/span>\n\t\t\t\t\t<\/span>\n\t\t\t\t\t<\/a>\n\t\t\t\t<\/div>\n\t\t\t\t\t\t\t\t<\/div>\n\t\t\t\t<\/div>\n\t\t\t\t\t<\/div>\n\t\t<\/div>\n\t\t\t\t\t<\/div>\n\t\t<\/section>\n\t\t\t\t<\/div>","protected":false},"excerpt":{"rendered":"<p>Rede RAEGE Designada por Rede Atl\u00e2ntica de Esta\u00e7\u00f5es Geodin\u00e2micas e Espaciais, o projeto RAEGE come\u00e7ou em 2010 com a assinatura de um memorando de entendimento entre o Governo de Espanha e o Governo dos A\u00e7ores, para a constru\u00e7\u00e3o, instala\u00e7\u00e3o e explora\u00e7\u00e3o de quatro Esta\u00e7\u00f5es Geod\u00e9sicas Fundamentais: duas em Espanha (Yebes e Gran Can\u00e1ria) e duas [&hellip;]<\/p>","protected":false},"author":1,"featured_media":0,"parent":0,"menu_order":0,"comment_status":"closed","ping_status":"closed","template":"","meta":{"site-sidebar-layout":"no-sidebar","site-content-layout":"page-builder","ast-site-content-layout":"","site-content-style":"default","site-sidebar-style":"default","ast-global-header-display":"","ast-banner-title-visibility":"","ast-main-header-display":"","ast-hfb-above-header-display":"","ast-hfb-below-header-display":"","ast-hfb-mobile-header-display":"","site-post-title":"disabled","ast-breadcrumbs-content":"","ast-featured-img":"disabled","footer-sml-layout":"","theme-transparent-header-meta":"","adv-header-id-meta":"","stick-header-meta":"","header-above-stick-meta":"","header-main-stick-meta":"","header-below-stick-meta":"","astra-migrate-meta-layouts":"default","ast-page-background-enabled":"default","ast-page-background-meta":{"desktop":{"background-color":"","background-image":"","background-repeat":"repeat","background-position":"center center","background-size":"auto","background-attachment":"scroll","background-type":"","background-media":"","overlay-type":"","overlay-color":"","overlay-opacity":"","overlay-gradient":""},"tablet":{"background-color":"","background-image":"","background-repeat":"repeat","background-position":"center center","background-size":"auto","background-attachment":"scroll","background-type":"","background-media":"","overlay-type":"","overlay-color":"","overlay-opacity":"","overlay-gradient":""},"mobile":{"background-color":"","background-image":"","background-repeat":"repeat","background-position":"center center","background-size":"auto","background-attachment":"scroll","background-type":"","background-media":"","overlay-type":"","overlay-color":"","overlay-opacity":"","overlay-gradient":""}},"ast-content-background-meta":{"desktop":{"background-color":"var(--ast-global-color-5)","background-image":"","background-repeat":"repeat","background-position":"center center","background-size":"auto","background-attachment":"scroll","background-type":"","background-media":"","overlay-type":"","overlay-color":"","overlay-opacity":"","overlay-gradient":""},"tablet":{"background-color":"var(--ast-global-color-5)","background-image":"","background-repeat":"repeat","background-position":"center center","background-size":"auto","background-attachment":"scroll","background-type":"","background-media":"","overlay-type":"","overlay-color":"","overlay-opacity":"","overlay-gradient":""},"mobile":{"background-color":"var(--ast-global-color-5)","background-image":"","background-repeat":"repeat","background-position":"center center","background-size":"auto","background-attachment":"scroll","background-type":"","background-media":"","overlay-type":"","overlay-color":"","overlay-opacity":"","overlay-gradient":""}},"footnotes":""},"class_list":["post-1647","page","type-page","status-publish","hentry"],"yoast_head":"<!-- This site is optimized with the Yoast SEO plugin v25.5 - https:\/\/yoast.com\/wordpress\/plugins\/seo\/ -->\n<title>Rede RAEGE - RAEGE-Az<\/title>\n<meta name=\"robots\" content=\"index, follow, max-snippet:-1, max-image-preview:large, max-video-preview:-1\" \/>\n<link rel=\"canonical\" href=\"https:\/\/raege-az.pt\/en\/network\/\" \/>\n<meta property=\"og:locale\" content=\"en_GB\" \/>\n<meta property=\"og:type\" content=\"article\" \/>\n<meta property=\"og:title\" content=\"Rede RAEGE - RAEGE-Az\" \/>\n<meta property=\"og:description\" content=\"Rede RAEGE Designada por Rede Atl\u00e2ntica de Esta\u00e7\u00f5es Geodin\u00e2micas e Espaciais, o projeto RAEGE come\u00e7ou em 2010 com a assinatura de um memorando de entendimento entre o Governo de Espanha e o Governo dos A\u00e7ores, para a constru\u00e7\u00e3o, instala\u00e7\u00e3o e explora\u00e7\u00e3o de quatro Esta\u00e7\u00f5es Geod\u00e9sicas Fundamentais: duas em Espanha (Yebes e Gran Can\u00e1ria) e duas [&hellip;]\" \/>\n<meta property=\"og:url\" content=\"https:\/\/raege-az.pt\/en\/network\/\" \/>\n<meta property=\"og:site_name\" content=\"RAEGE-Az\" \/>\n<meta property=\"article:publisher\" content=\"https:\/\/www.facebook.com\/raege.az\" \/>\n<meta property=\"article:modified_time\" content=\"2025-07-28T14:34:39+00:00\" \/>\n<meta property=\"og:image\" content=\"https:\/\/raege-az.pt\/wp-content\/uploads\/2025\/07\/RAEGE_TRIANGLE-scaled.png\" \/>\n\t<meta property=\"og:image:width\" content=\"2560\" \/>\n\t<meta property=\"og:image:height\" content=\"1388\" \/>\n\t<meta property=\"og:image:type\" content=\"image\/png\" \/>\n<meta name=\"twitter:card\" content=\"summary_large_image\" \/>\n<meta name=\"twitter:label1\" content=\"Est. reading time\" \/>\n\t<meta name=\"twitter:data1\" content=\"3 minutes\" \/>\n<script type=\"application\/ld+json\" class=\"yoast-schema-graph\">{\"@context\":\"https:\/\/schema.org\",\"@graph\":[{\"@type\":\"WebPage\",\"@id\":\"https:\/\/raege-az.pt\/network\/\",\"url\":\"https:\/\/raege-az.pt\/network\/\",\"name\":\"Rede RAEGE - RAEGE-Az\",\"isPartOf\":{\"@id\":\"https:\/\/raege-az.pt\/en\/#website\"},\"primaryImageOfPage\":{\"@id\":\"https:\/\/raege-az.pt\/network\/#primaryimage\"},\"image\":{\"@id\":\"https:\/\/raege-az.pt\/network\/#primaryimage\"},\"thumbnailUrl\":\"https:\/\/raege-az.pt\/wp-content\/uploads\/2025\/07\/RAEGE_TRIANGLE-1536x833.png\",\"datePublished\":\"2021-05-13T10:08:02+00:00\",\"dateModified\":\"2025-07-28T14:34:39+00:00\",\"breadcrumb\":{\"@id\":\"https:\/\/raege-az.pt\/network\/#breadcrumb\"},\"inLanguage\":\"en-GB\",\"potentialAction\":[{\"@type\":\"ReadAction\",\"target\":[\"https:\/\/raege-az.pt\/network\/\"]}]},{\"@type\":\"ImageObject\",\"inLanguage\":\"en-GB\",\"@id\":\"https:\/\/raege-az.pt\/network\/#primaryimage\",\"url\":\"https:\/\/raege-az.pt\/wp-content\/uploads\/2025\/07\/RAEGE_TRIANGLE-1536x833.png\",\"contentUrl\":\"https:\/\/raege-az.pt\/wp-content\/uploads\/2025\/07\/RAEGE_TRIANGLE-1536x833.png\"},{\"@type\":\"BreadcrumbList\",\"@id\":\"https:\/\/raege-az.pt\/network\/#breadcrumb\",\"itemListElement\":[{\"@type\":\"ListItem\",\"position\":1,\"name\":\"In\u00edcio\",\"item\":\"https:\/\/raege-az.pt\/\"},{\"@type\":\"ListItem\",\"position\":2,\"name\":\"Rede RAEGE\"}]},{\"@type\":\"WebSite\",\"@id\":\"https:\/\/raege-az.pt\/en\/#website\",\"url\":\"https:\/\/raege-az.pt\/en\/\",\"name\":\"RAEGE-Az\",\"description\":\"Associa\u00e7\u00e3o RAEGE A\u00e7ores\",\"publisher\":{\"@id\":\"https:\/\/raege-az.pt\/en\/#organization\"},\"alternateName\":\"RAEGE-Az\",\"potentialAction\":[{\"@type\":\"SearchAction\",\"target\":{\"@type\":\"EntryPoint\",\"urlTemplate\":\"https:\/\/raege-az.pt\/en\/?s={search_term_string}\"},\"query-input\":{\"@type\":\"PropertyValueSpecification\",\"valueRequired\":true,\"valueName\":\"search_term_string\"}}],\"inLanguage\":\"en-GB\"},{\"@type\":\"Organization\",\"@id\":\"https:\/\/raege-az.pt\/en\/#organization\",\"name\":\"RAEGE-Az\",\"url\":\"https:\/\/raege-az.pt\/en\/\",\"logo\":{\"@type\":\"ImageObject\",\"inLanguage\":\"en-GB\",\"@id\":\"https:\/\/raege-az.pt\/en\/#\/schema\/logo\/image\/\",\"url\":\"https:\/\/raege-az.pt\/wp-content\/uploads\/2021\/04\/1-e1618244466611.png\",\"contentUrl\":\"https:\/\/raege-az.pt\/wp-content\/uploads\/2021\/04\/1-e1618244466611.png\",\"width\":1380,\"height\":213,\"caption\":\"RAEGE-Az\"},\"image\":{\"@id\":\"https:\/\/raege-az.pt\/en\/#\/schema\/logo\/image\/\"},\"sameAs\":[\"https:\/\/www.facebook.com\/raege.az\"]}]}<\/script>\n<!-- \/ Yoast SEO plugin. -->","yoast_head_json":{"title":"Rede RAEGE - RAEGE-Az","robots":{"index":"index","follow":"follow","max-snippet":"max-snippet:-1","max-image-preview":"max-image-preview:large","max-video-preview":"max-video-preview:-1"},"canonical":"https:\/\/raege-az.pt\/en\/network\/","og_locale":"en_GB","og_type":"article","og_title":"Rede RAEGE - RAEGE-Az","og_description":"Rede RAEGE Designada por Rede Atl\u00e2ntica de Esta\u00e7\u00f5es Geodin\u00e2micas e Espaciais, o projeto RAEGE come\u00e7ou em 2010 com a assinatura de um memorando de entendimento entre o Governo de Espanha e o Governo dos A\u00e7ores, para a constru\u00e7\u00e3o, instala\u00e7\u00e3o e explora\u00e7\u00e3o de quatro Esta\u00e7\u00f5es Geod\u00e9sicas Fundamentais: duas em Espanha (Yebes e Gran Can\u00e1ria) e duas [&hellip;]","og_url":"https:\/\/raege-az.pt\/en\/network\/","og_site_name":"RAEGE-Az","article_publisher":"https:\/\/www.facebook.com\/raege.az","article_modified_time":"2025-07-28T14:34:39+00:00","og_image":[{"width":2560,"height":1388,"url":"https:\/\/raege-az.pt\/wp-content\/uploads\/2025\/07\/RAEGE_TRIANGLE-scaled.png","type":"image\/png"}],"twitter_card":"summary_large_image","twitter_misc":{"Est. reading time":"3 minutes"},"schema":{"@context":"https:\/\/schema.org","@graph":[{"@type":"WebPage","@id":"https:\/\/raege-az.pt\/network\/","url":"https:\/\/raege-az.pt\/network\/","name":"Rede RAEGE - RAEGE-Az","isPartOf":{"@id":"https:\/\/raege-az.pt\/en\/#website"},"primaryImageOfPage":{"@id":"https:\/\/raege-az.pt\/network\/#primaryimage"},"image":{"@id":"https:\/\/raege-az.pt\/network\/#primaryimage"},"thumbnailUrl":"https:\/\/raege-az.pt\/wp-content\/uploads\/2025\/07\/RAEGE_TRIANGLE-1536x833.png","datePublished":"2021-05-13T10:08:02+00:00","dateModified":"2025-07-28T14:34:39+00:00","breadcrumb":{"@id":"https:\/\/raege-az.pt\/network\/#breadcrumb"},"inLanguage":"en-GB","potentialAction":[{"@type":"ReadAction","target":["https:\/\/raege-az.pt\/network\/"]}]},{"@type":"ImageObject","inLanguage":"en-GB","@id":"https:\/\/raege-az.pt\/network\/#primaryimage","url":"https:\/\/raege-az.pt\/wp-content\/uploads\/2025\/07\/RAEGE_TRIANGLE-1536x833.png","contentUrl":"https:\/\/raege-az.pt\/wp-content\/uploads\/2025\/07\/RAEGE_TRIANGLE-1536x833.png"},{"@type":"BreadcrumbList","@id":"https:\/\/raege-az.pt\/network\/#breadcrumb","itemListElement":[{"@type":"ListItem","position":1,"name":"In\u00edcio","item":"https:\/\/raege-az.pt\/"},{"@type":"ListItem","position":2,"name":"Rede RAEGE"}]},{"@type":"WebSite","@id":"https:\/\/raege-az.pt\/en\/#website","url":"https:\/\/raege-az.pt\/en\/","name":"RAEGE-Az","description":"Associa\u00e7\u00e3o RAEGE A\u00e7ores","publisher":{"@id":"https:\/\/raege-az.pt\/en\/#organization"},"alternateName":"RAEGE-Az","potentialAction":[{"@type":"SearchAction","target":{"@type":"EntryPoint","urlTemplate":"https:\/\/raege-az.pt\/en\/?s={search_term_string}"},"query-input":{"@type":"PropertyValueSpecification","valueRequired":true,"valueName":"search_term_string"}}],"inLanguage":"en-GB"},{"@type":"Organization","@id":"https:\/\/raege-az.pt\/en\/#organization","name":"RAEGE-Az","url":"https:\/\/raege-az.pt\/en\/","logo":{"@type":"ImageObject","inLanguage":"en-GB","@id":"https:\/\/raege-az.pt\/en\/#\/schema\/logo\/image\/","url":"https:\/\/raege-az.pt\/wp-content\/uploads\/2021\/04\/1-e1618244466611.png","contentUrl":"https:\/\/raege-az.pt\/wp-content\/uploads\/2021\/04\/1-e1618244466611.png","width":1380,"height":213,"caption":"RAEGE-Az"},"image":{"@id":"https:\/\/raege-az.pt\/en\/#\/schema\/logo\/image\/"},"sameAs":["https:\/\/www.facebook.com\/raege.az"]}]}},"_links":{"self":[{"href":"https:\/\/raege-az.pt\/en\/wp-json\/wp\/v2\/pages\/1647","targetHints":{"allow":["GET"]}}],"collection":[{"href":"https:\/\/raege-az.pt\/en\/wp-json\/wp\/v2\/pages"}],"about":[{"href":"https:\/\/raege-az.pt\/en\/wp-json\/wp\/v2\/types\/page"}],"author":[{"embeddable":true,"href":"https:\/\/raege-az.pt\/en\/wp-json\/wp\/v2\/users\/1"}],"replies":[{"embeddable":true,"href":"https:\/\/raege-az.pt\/en\/wp-json\/wp\/v2\/comments?post=1647"}],"version-history":[{"count":0,"href":"https:\/\/raege-az.pt\/en\/wp-json\/wp\/v2\/pages\/1647\/revisions"}],"wp:attachment":[{"href":"https:\/\/raege-az.pt\/en\/wp-json\/wp\/v2\/media?parent=1647"}],"curies":[{"name":"wp","href":"https:\/\/api.w.org\/{rel}","templated":true}]}}